{"id":13543,"date":"2023-11-26T03:56:22","date_gmt":"2023-11-26T02:56:22","guid":{"rendered":"https:\/\/ringstedkoret.dk\/?page_id=13543"},"modified":"2025-10-29T22:14:42","modified_gmt":"2025-10-29T21:14:42","slug":"80-aars-foedselsdag-koncert-og-fest","status":"publish","type":"page","link":"https:\/\/ringstedkoret.dk\/index.php\/80-aars-foedselsdag-koncert-og-fest\/","title":{"rendered":"80-\u00e5rs f\u00f8dselsdag &#8211; koncert og fest i 2023!"},"content":{"rendered":"<div class=\"members-access-error\">Beklager, men du har ikke tilladelse til at se dette indhold.<\/div>\n","protected":false},"excerpt":{"rendered":"<div class=\"members-access-error\">Beklager, men du har ikke tilladelse til at se dette indhold.<\/div>\n","protected":false},"author":3,"featured_media":0,"parent":0,"menu_order":0,"comment_status":"closed","ping_status":"closed","template":"","meta":{"footnotes":""},"class_list":["post-13543","page","type-page","status-publish","czr-hentry"],"featured_image_urls_v2":{"full":"","thumbnail":"","medium":"","medium_large":"","large":"","1536x1536":"","2048x2048":"","tc-grid-full":"","tc-grid":"","tc-thumb":"","slider-full":"","slider":"","tc-sq-thumb":"","tc-ws-thumb":"","tc-ws-small-thumb":"","tc-slider-small":""},"post_excerpt_stackable_v2":"<div class=\"members-access-error\">Beklager, men du har ikke tilladelse til at se dette indhold.<\/div>\n","category_list_v2":"","author_info_v2":{"name":"Rita","url":"https:\/\/ringstedkoret.dk\/index.php\/author\/rita\/"},"comments_num_v2":"0 comments","yoast_head":"<!-- This site is optimized with the Yoast SEO plugin v27.4 - https:\/\/yoast.com\/product\/yoast-seo-wordpress\/ -->\n<title>80-\u00e5rs f\u00f8dselsdag - koncert og fest i 2023! - Ringstedkoret<\/title>\n<meta name=\"robots\" content=\"index, follow, max-snippet:-1, max-image-preview:large, max-video-preview:-1\" \/>\n<link rel=\"canonical\" href=\"http:\/\/ringstedkoret.dk\/index.php\/80-aars-foedselsdag-koncert-og-fest\/\" \/>\n<meta property=\"og:locale\" content=\"da_DK\" \/>\n<meta property=\"og:type\" content=\"article\" \/>\n<meta property=\"og:title\" content=\"80-\u00e5rs f\u00f8dselsdag - koncert og fest i 2023! - Ringstedkoret\" \/>\n<meta property=\"og:description\" content=\"Beklager, men du har ikke tilladelse til at se dette indhold.\" \/>\n<meta property=\"og:url\" content=\"http:\/\/ringstedkoret.dk\/index.php\/80-aars-foedselsdag-koncert-og-fest\/\" \/>\n<meta property=\"og:site_name\" content=\"Ringstedkoret\" \/>\n<meta property=\"article:modified_time\" content=\"2025-10-29T21:14:42+00:00\" \/>\n<meta property=\"og:image\" content=\"https:\/\/ringstedkoret.dk\/wp-content\/uploads\/80-aars_jubilaeum\/80-aar-6-1024x576.jpg\" \/>\n<meta name=\"twitter:card\" content=\"summary_large_image\" \/>\n<meta name=\"twitter:label1\" content=\"Estimeret l\u00e6setid\" \/>\n\t<meta name=\"twitter:data1\" content=\"5 minutter\" \/>\n<script type=\"application\/ld+json\" class=\"yoast-schema-graph\">{\"@context\":\"https:\\\/\\\/schema.org\",\"@graph\":[{\"@type\":\"WebPage\",\"@id\":\"http:\\\/\\\/ringstedkoret.dk\\\/index.php\\\/80-aars-foedselsdag-koncert-og-fest\\\/\",\"url\":\"http:\\\/\\\/ringstedkoret.dk\\\/index.php\\\/80-aars-foedselsdag-koncert-og-fest\\\/\",\"name\":\"80-\u00e5rs f\u00f8dselsdag - koncert og fest i 2023! - Ringstedkoret\",\"isPartOf\":{\"@id\":\"https:\\\/\\\/ringstedkoret.dk\\\/#website\"},\"primaryImageOfPage\":{\"@id\":\"http:\\\/\\\/ringstedkoret.dk\\\/index.php\\\/80-aars-foedselsdag-koncert-og-fest\\\/#primaryimage\"},\"image\":{\"@id\":\"http:\\\/\\\/ringstedkoret.dk\\\/index.php\\\/80-aars-foedselsdag-koncert-og-fest\\\/#primaryimage\"},\"thumbnailUrl\":\"https:\\\/\\\/ringstedkoret.dk\\\/wp-content\\\/uploads\\\/80-aars_jubilaeum\\\/80-aar-6-1024x576.jpg\",\"datePublished\":\"2023-11-26T02:56:22+00:00\",\"dateModified\":\"2025-10-29T21:14:42+00:00\",\"breadcrumb\":{\"@id\":\"http:\\\/\\\/ringstedkoret.dk\\\/index.php\\\/80-aars-foedselsdag-koncert-og-fest\\\/#breadcrumb\"},\"inLanguage\":\"da-DK\",\"potentialAction\":[{\"@type\":\"ReadAction\",\"target\":[\"http:\\\/\\\/ringstedkoret.dk\\\/index.php\\\/80-aars-foedselsdag-koncert-og-fest\\\/\"]}]},{\"@type\":\"ImageObject\",\"inLanguage\":\"da-DK\",\"@id\":\"http:\\\/\\\/ringstedkoret.dk\\\/index.php\\\/80-aars-foedselsdag-koncert-og-fest\\\/#primaryimage\",\"url\":\"https:\\\/\\\/ringstedkoret.dk\\\/wp-content\\\/uploads\\\/80-aars_jubilaeum\\\/80-aar-6.jpg\",\"contentUrl\":\"https:\\\/\\\/ringstedkoret.dk\\\/wp-content\\\/uploads\\\/80-aars_jubilaeum\\\/80-aar-6.jpg\",\"width\":1608,\"height\":905,\"caption\":\"80 \u00e5rs jubil\u00e6ums koncert Ringsted Koret, 12. nov. 2023, Dirigent Max S\u00fcdow\"},{\"@type\":\"BreadcrumbList\",\"@id\":\"http:\\\/\\\/ringstedkoret.dk\\\/index.php\\\/80-aars-foedselsdag-koncert-og-fest\\\/#breadcrumb\",\"itemListElement\":[{\"@type\":\"ListItem\",\"position\":1,\"name\":\"Hjem\",\"item\":\"https:\\\/\\\/ringstedkoret.dk\\\/\"},{\"@type\":\"ListItem\",\"position\":2,\"name\":\"80-\u00e5rs f\u00f8dselsdag &#8211; koncert og fest i 2023!\"}]},{\"@type\":\"WebSite\",\"@id\":\"https:\\\/\\\/ringstedkoret.dk\\\/#website\",\"url\":\"https:\\\/\\\/ringstedkoret.dk\\\/\",\"name\":\"Ringstedkoret\",\"description\":\"\",\"publisher\":{\"@id\":\"https:\\\/\\\/ringstedkoret.dk\\\/#organization\"},\"potentialAction\":[{\"@type\":\"SearchAction\",\"target\":{\"@type\":\"EntryPoint\",\"urlTemplate\":\"https:\\\/\\\/ringstedkoret.dk\\\/?s={search_term_string}\"},\"query-input\":{\"@type\":\"PropertyValueSpecification\",\"valueRequired\":true,\"valueName\":\"search_term_string\"}}],\"inLanguage\":\"da-DK\"},{\"@type\":\"Organization\",\"@id\":\"https:\\\/\\\/ringstedkoret.dk\\\/#organization\",\"name\":\"Ringstedkoret\",\"url\":\"https:\\\/\\\/ringstedkoret.dk\\\/\",\"logo\":{\"@type\":\"ImageObject\",\"inLanguage\":\"da-DK\",\"@id\":\"https:\\\/\\\/ringstedkoret.dk\\\/#\\\/schema\\\/logo\\\/image\\\/\",\"url\":\"https:\\\/\\\/ringstedkoret.dk\\\/wp-content\\\/uploads\\\/ikoner\\\/Logo-nyt.jpg\",\"contentUrl\":\"https:\\\/\\\/ringstedkoret.dk\\\/wp-content\\\/uploads\\\/ikoner\\\/Logo-nyt.jpg\",\"width\":203,\"height\":200,\"caption\":\"Ringstedkoret\"},\"image\":{\"@id\":\"https:\\\/\\\/ringstedkoret.dk\\\/#\\\/schema\\\/logo\\\/image\\\/\"}}]}<\/script>\n<!-- \/ Yoast SEO plugin. -->","yoast_head_json":{"title":"80-\u00e5rs f\u00f8dselsdag - koncert og fest i 2023! - Ringstedkoret","robots":{"index":"index","follow":"follow","max-snippet":"max-snippet:-1","max-image-preview":"max-image-preview:large","max-video-preview":"max-video-preview:-1"},"canonical":"http:\/\/ringstedkoret.dk\/index.php\/80-aars-foedselsdag-koncert-og-fest\/","og_locale":"da_DK","og_type":"article","og_title":"80-\u00e5rs f\u00f8dselsdag - koncert og fest i 2023! - Ringstedkoret","og_description":"Beklager, men du har ikke tilladelse til at se dette indhold.","og_url":"http:\/\/ringstedkoret.dk\/index.php\/80-aars-foedselsdag-koncert-og-fest\/","og_site_name":"Ringstedkoret","article_modified_time":"2025-10-29T21:14:42+00:00","og_image":[{"url":"https:\/\/ringstedkoret.dk\/wp-content\/uploads\/80-aars_jubilaeum\/80-aar-6-1024x576.jpg","type":"","width":"","height":""}],"twitter_card":"summary_large_image","twitter_misc":{"Estimeret l\u00e6setid":"5 minutter"},"schema":{"@context":"https:\/\/schema.org","@graph":[{"@type":"WebPage","@id":"http:\/\/ringstedkoret.dk\/index.php\/80-aars-foedselsdag-koncert-og-fest\/","url":"http:\/\/ringstedkoret.dk\/index.php\/80-aars-foedselsdag-koncert-og-fest\/","name":"80-\u00e5rs f\u00f8dselsdag - koncert og fest i 2023! - Ringstedkoret","isPartOf":{"@id":"https:\/\/ringstedkoret.dk\/#website"},"primaryImageOfPage":{"@id":"http:\/\/ringstedkoret.dk\/index.php\/80-aars-foedselsdag-koncert-og-fest\/#primaryimage"},"image":{"@id":"http:\/\/ringstedkoret.dk\/index.php\/80-aars-foedselsdag-koncert-og-fest\/#primaryimage"},"thumbnailUrl":"https:\/\/ringstedkoret.dk\/wp-content\/uploads\/80-aars_jubilaeum\/80-aar-6-1024x576.jpg","datePublished":"2023-11-26T02:56:22+00:00","dateModified":"2025-10-29T21:14:42+00:00","breadcrumb":{"@id":"http:\/\/ringstedkoret.dk\/index.php\/80-aars-foedselsdag-koncert-og-fest\/#breadcrumb"},"inLanguage":"da-DK","potentialAction":[{"@type":"ReadAction","target":["http:\/\/ringstedkoret.dk\/index.php\/80-aars-foedselsdag-koncert-og-fest\/"]}]},{"@type":"ImageObject","inLanguage":"da-DK","@id":"http:\/\/ringstedkoret.dk\/index.php\/80-aars-foedselsdag-koncert-og-fest\/#primaryimage","url":"https:\/\/ringstedkoret.dk\/wp-content\/uploads\/80-aars_jubilaeum\/80-aar-6.jpg","contentUrl":"https:\/\/ringstedkoret.dk\/wp-content\/uploads\/80-aars_jubilaeum\/80-aar-6.jpg","width":1608,"height":905,"caption":"80 \u00e5rs jubil\u00e6ums koncert Ringsted Koret, 12. nov. 2023, Dirigent Max S\u00fcdow"},{"@type":"BreadcrumbList","@id":"http:\/\/ringstedkoret.dk\/index.php\/80-aars-foedselsdag-koncert-og-fest\/#breadcrumb","itemListElement":[{"@type":"ListItem","position":1,"name":"Hjem","item":"https:\/\/ringstedkoret.dk\/"},{"@type":"ListItem","position":2,"name":"80-\u00e5rs f\u00f8dselsdag &#8211; koncert og fest i 2023!"}]},{"@type":"WebSite","@id":"https:\/\/ringstedkoret.dk\/#website","url":"https:\/\/ringstedkoret.dk\/","name":"Ringstedkoret","description":"","publisher":{"@id":"https:\/\/ringstedkoret.dk\/#organization"},"potentialAction":[{"@type":"SearchAction","target":{"@type":"EntryPoint","urlTemplate":"https:\/\/ringstedkoret.dk\/?s={search_term_string}"},"query-input":{"@type":"PropertyValueSpecification","valueRequired":true,"valueName":"search_term_string"}}],"inLanguage":"da-DK"},{"@type":"Organization","@id":"https:\/\/ringstedkoret.dk\/#organization","name":"Ringstedkoret","url":"https:\/\/ringstedkoret.dk\/","logo":{"@type":"ImageObject","inLanguage":"da-DK","@id":"https:\/\/ringstedkoret.dk\/#\/schema\/logo\/image\/","url":"https:\/\/ringstedkoret.dk\/wp-content\/uploads\/ikoner\/Logo-nyt.jpg","contentUrl":"https:\/\/ringstedkoret.dk\/wp-content\/uploads\/ikoner\/Logo-nyt.jpg","width":203,"height":200,"caption":"Ringstedkoret"},"image":{"@id":"https:\/\/ringstedkoret.dk\/#\/schema\/logo\/image\/"}}]}},"_links":{"self":[{"href":"https:\/\/ringstedkoret.dk\/index.php\/wp-json\/wp\/v2\/pages\/13543","targetHints":{"allow":["GET"]}}],"collection":[{"href":"https:\/\/ringstedkoret.dk\/index.php\/wp-json\/wp\/v2\/pages"}],"about":[{"href":"https:\/\/ringstedkoret.dk\/index.php\/wp-json\/wp\/v2\/types\/page"}],"author":[{"embeddable":true,"href":"https:\/\/ringstedkoret.dk\/index.php\/wp-json\/wp\/v2\/users\/3"}],"replies":[{"embeddable":true,"href":"https:\/\/ringstedkoret.dk\/index.php\/wp-json\/wp\/v2\/comments?post=13543"}],"version-history":[{"count":70,"href":"https:\/\/ringstedkoret.dk\/index.php\/wp-json\/wp\/v2\/pages\/13543\/revisions"}],"predecessor-version":[{"id":18671,"href":"https:\/\/ringstedkoret.dk\/index.php\/wp-json\/wp\/v2\/pages\/13543\/revisions\/18671"}],"wp:attachment":[{"href":"https:\/\/ringstedkoret.dk\/index.php\/wp-json\/wp\/v2\/media?parent=13543"}],"curies":[{"name":"wp","href":"https:\/\/api.w.org\/{rel}","templated":true}]}}