{"id":2776,"date":"2019-11-20T20:08:26","date_gmt":"2019-11-20T19:08:26","guid":{"rendered":"http:\/\/wordp.ringstedkoret.dk\/?page_id=2776"},"modified":"2023-02-06T18:26:11","modified_gmt":"2023-02-06T17:26:11","slug":"baggrundstekster","status":"publish","type":"page","link":"https:\/\/ringstedkoret.dk\/index.php\/baggrundstekster\/","title":{"rendered":"Baggrundstekster"},"content":{"rendered":"\n<p>Her finder du diverse tekster, som kan have interesse for koret. Bidrag modtages gerne.<\/p>\n\n\n\n<p><a rel=\"noreferrer noopener\" aria-label=\"At lade sig lyde (\u00e5bner i en ny fane)\" href=\"http:\/\/ringstedkoret.dk\/wp-content\/uploads\/tekster\/baggrundstekster\/2014F_at_lade_sig_lyde.pdf\" target=\"_blank\">At lade sig lyde<\/a> &#8211;  En lille universitetsopgave om korsangs virkning.<br>Lidt n\u00f8rdet, men nogle vil nok synes den er interessant.<\/p>\n\n\n\n<p><a rel=\"noreferrer noopener\" aria-label=\"Mariae bebudelsesdag (\u00e5bner i en ny fane)\" href=\"http:\/\/ringstedkoret.dk\/wp-content\/uploads\/tekster\/baggrundstekster\/Mariae_bebudelsesdag.pdf\" target=\"_blank\">Mari\u00e6 bebudelsesdag<\/a> &#8211; artikel fra www.kristendom.dk om Mari\u00e6 bebudelsesdag.<br><\/p>\n\n\n\n<p><a rel=\"noreferrer noopener\" aria-label=\"Skabelsen (\u00e5bner i en ny fane)\" href=\"http:\/\/ringstedkoret.dk\/wp-content\/uploads\/tekster\/baggrundstekster\/Skabelsen_BirgitteH.pdf\" target=\"_blank\">Skabelse<\/a><a rel=\"noreferrer noopener\" aria-label=\"3 grundtvigtekster (\u00e5bner i en ny fane)\" href=\"http:\/\/ringstedkoret.dk\/wp-content\/uploads\/tekster\/baggrundstekster\/tre_grundtvigsalmer.pdf\" target=\"_blank\">n<\/a>  &#8211; fortolkning og sammenligning af Haydns Skabelsen med bibeltekster. Af Birgitte Hammersh\u00f8y, tidligere kormedlem.<br><\/p>\n\n\n\n<p><a rel=\"noreferrer noopener\" aria-label=\"3 grundtvigtekster (\u00e5bner i en ny fane)\" href=\"http:\/\/ringstedkoret.dk\/wp-content\/uploads\/tekster\/baggrundstekster\/tre_grundtvigsalmer.pdf\" target=\"_blank\">3 grundtvigsalmer<\/a> &#8211; fortolket og belyst. Af forskellige forfattere.<br>De levendes land&nbsp;<br>Hyggelig rolig<br>At sige verden ret farvel <\/p>\n\n\n\n<p><\/p>\n","protected":false},"excerpt":{"rendered":"<p>Her finder du diverse tekster, som kan have interesse for koret. Bidrag modtages gerne. At lade sig lyde &#8211; En lille universitetsopgave om korsangs virkning.Lidt n\u00f8rdet, men nogle vil nok synes den er interessant. Mari\u00e6 bebudelsesdag &#8211; artikel fra www.kristendom.dk om Mari\u00e6 bebudelsesdag. Skabelsen &#8211; fortolkning og sammenligning af Haydns Skabelsen med bibeltekster. Af Birgitte [&hellip;]<\/p>\n","protected":false},"author":3,"featured_media":0,"parent":0,"menu_order":2,"comment_status":"closed","ping_status":"closed","template":"","meta":{"footnotes":""},"class_list":["post-2776","page","type-page","status-publish","czr-hentry"],"featured_image_urls_v2":{"full":"","thumbnail":"","medium":"","medium_large":"","large":"","1536x1536":"","2048x2048":"","tc-grid-full":"","tc-grid":"","tc-thumb":"","slider-full":"","slider":"","tc-sq-thumb":"","tc-ws-thumb":"","tc-ws-small-thumb":"","tc-slider-small":""},"post_excerpt_stackable_v2":"<p>Her finder du diverse tekster, som kan have interesse for koret. Bidrag modtages gerne. At lade sig lyde &#8211; En lille universitetsopgave om korsangs virkning.Lidt n\u00f8rdet, men nogle vil nok synes den er interessant. Mari\u00e6 bebudelsesdag &#8211; artikel fra www.kristendom.dk om Mari\u00e6 bebudelsesdag. Skabelsen &#8211; fortolkning og sammenligning af Haydns Skabelsen med bibeltekster. Af Birgitte Hammersh\u00f8y, tidligere kormedlem. 3 grundtvigsalmer &#8211; fortolket og belyst. Af forskellige forfattere.De levendes land&nbsp;Hyggelig roligAt sige verden ret farvel<\/p>\n","category_list_v2":"","author_info_v2":{"name":"Rita","url":"https:\/\/ringstedkoret.dk\/index.php\/author\/rita\/"},"comments_num_v2":"0 comments","yoast_head":"<!-- This site is optimized with the Yoast SEO plugin v27.4 - https:\/\/yoast.com\/product\/yoast-seo-wordpress\/ -->\n<title>Baggrundstekster - Ringstedkoret<\/title>\n<meta name=\"robots\" content=\"index, follow, max-snippet:-1, max-image-preview:large, max-video-preview:-1\" \/>\n<link rel=\"canonical\" href=\"https:\/\/ringstedkoret.dk\/index.php\/baggrundstekster\/\" \/>\n<meta property=\"og:locale\" content=\"da_DK\" \/>\n<meta property=\"og:type\" content=\"article\" \/>\n<meta property=\"og:title\" content=\"Baggrundstekster - Ringstedkoret\" \/>\n<meta property=\"og:description\" content=\"Her finder du diverse tekster, som kan have interesse for koret. Bidrag modtages gerne. At lade sig lyde &#8211; En lille universitetsopgave om korsangs virkning.Lidt n\u00f8rdet, men nogle vil nok synes den er interessant. Mari\u00e6 bebudelsesdag &#8211; artikel fra www.kristendom.dk om Mari\u00e6 bebudelsesdag. Skabelsen &#8211; fortolkning og sammenligning af Haydns Skabelsen med bibeltekster. Af Birgitte [&hellip;]\" \/>\n<meta property=\"og:url\" content=\"https:\/\/ringstedkoret.dk\/index.php\/baggrundstekster\/\" \/>\n<meta property=\"og:site_name\" content=\"Ringstedkoret\" \/>\n<meta property=\"article:modified_time\" content=\"2023-02-06T17:26:11+00:00\" \/>\n<meta name=\"twitter:card\" content=\"summary_large_image\" \/>\n<meta name=\"twitter:label1\" content=\"Estimeret l\u00e6setid\" \/>\n\t<meta name=\"twitter:data1\" content=\"1 minut\" \/>\n<script type=\"application\/ld+json\" class=\"yoast-schema-graph\">{\"@context\":\"https:\\\/\\\/schema.org\",\"@graph\":[{\"@type\":\"WebPage\",\"@id\":\"https:\\\/\\\/ringstedkoret.dk\\\/index.php\\\/baggrundstekster\\\/\",\"url\":\"https:\\\/\\\/ringstedkoret.dk\\\/index.php\\\/baggrundstekster\\\/\",\"name\":\"Baggrundstekster - Ringstedkoret\",\"isPartOf\":{\"@id\":\"https:\\\/\\\/ringstedkoret.dk\\\/#website\"},\"datePublished\":\"2019-11-20T19:08:26+00:00\",\"dateModified\":\"2023-02-06T17:26:11+00:00\",\"breadcrumb\":{\"@id\":\"https:\\\/\\\/ringstedkoret.dk\\\/index.php\\\/baggrundstekster\\\/#breadcrumb\"},\"inLanguage\":\"da-DK\",\"potentialAction\":[{\"@type\":\"ReadAction\",\"target\":[\"https:\\\/\\\/ringstedkoret.dk\\\/index.php\\\/baggrundstekster\\\/\"]}]},{\"@type\":\"BreadcrumbList\",\"@id\":\"https:\\\/\\\/ringstedkoret.dk\\\/index.php\\\/baggrundstekster\\\/#breadcrumb\",\"itemListElement\":[{\"@type\":\"ListItem\",\"position\":1,\"name\":\"Hjem\",\"item\":\"https:\\\/\\\/ringstedkoret.dk\\\/\"},{\"@type\":\"ListItem\",\"position\":2,\"name\":\"Baggrundstekster\"}]},{\"@type\":\"WebSite\",\"@id\":\"https:\\\/\\\/ringstedkoret.dk\\\/#website\",\"url\":\"https:\\\/\\\/ringstedkoret.dk\\\/\",\"name\":\"Ringstedkoret\",\"description\":\"\",\"publisher\":{\"@id\":\"https:\\\/\\\/ringstedkoret.dk\\\/#organization\"},\"potentialAction\":[{\"@type\":\"SearchAction\",\"target\":{\"@type\":\"EntryPoint\",\"urlTemplate\":\"https:\\\/\\\/ringstedkoret.dk\\\/?s={search_term_string}\"},\"query-input\":{\"@type\":\"PropertyValueSpecification\",\"valueRequired\":true,\"valueName\":\"search_term_string\"}}],\"inLanguage\":\"da-DK\"},{\"@type\":\"Organization\",\"@id\":\"https:\\\/\\\/ringstedkoret.dk\\\/#organization\",\"name\":\"Ringstedkoret\",\"url\":\"https:\\\/\\\/ringstedkoret.dk\\\/\",\"logo\":{\"@type\":\"ImageObject\",\"inLanguage\":\"da-DK\",\"@id\":\"https:\\\/\\\/ringstedkoret.dk\\\/#\\\/schema\\\/logo\\\/image\\\/\",\"url\":\"https:\\\/\\\/ringstedkoret.dk\\\/wp-content\\\/uploads\\\/ikoner\\\/Logo-nyt.jpg\",\"contentUrl\":\"https:\\\/\\\/ringstedkoret.dk\\\/wp-content\\\/uploads\\\/ikoner\\\/Logo-nyt.jpg\",\"width\":203,\"height\":200,\"caption\":\"Ringstedkoret\"},\"image\":{\"@id\":\"https:\\\/\\\/ringstedkoret.dk\\\/#\\\/schema\\\/logo\\\/image\\\/\"}}]}<\/script>\n<!-- \/ Yoast SEO plugin. -->","yoast_head_json":{"title":"Baggrundstekster - Ringstedkoret","robots":{"index":"index","follow":"follow","max-snippet":"max-snippet:-1","max-image-preview":"max-image-preview:large","max-video-preview":"max-video-preview:-1"},"canonical":"https:\/\/ringstedkoret.dk\/index.php\/baggrundstekster\/","og_locale":"da_DK","og_type":"article","og_title":"Baggrundstekster - Ringstedkoret","og_description":"Her finder du diverse tekster, som kan have interesse for koret. Bidrag modtages gerne. At lade sig lyde &#8211; En lille universitetsopgave om korsangs virkning.Lidt n\u00f8rdet, men nogle vil nok synes den er interessant. Mari\u00e6 bebudelsesdag &#8211; artikel fra www.kristendom.dk om Mari\u00e6 bebudelsesdag. Skabelsen &#8211; fortolkning og sammenligning af Haydns Skabelsen med bibeltekster. Af Birgitte [&hellip;]","og_url":"https:\/\/ringstedkoret.dk\/index.php\/baggrundstekster\/","og_site_name":"Ringstedkoret","article_modified_time":"2023-02-06T17:26:11+00:00","twitter_card":"summary_large_image","twitter_misc":{"Estimeret l\u00e6setid":"1 minut"},"schema":{"@context":"https:\/\/schema.org","@graph":[{"@type":"WebPage","@id":"https:\/\/ringstedkoret.dk\/index.php\/baggrundstekster\/","url":"https:\/\/ringstedkoret.dk\/index.php\/baggrundstekster\/","name":"Baggrundstekster - Ringstedkoret","isPartOf":{"@id":"https:\/\/ringstedkoret.dk\/#website"},"datePublished":"2019-11-20T19:08:26+00:00","dateModified":"2023-02-06T17:26:11+00:00","breadcrumb":{"@id":"https:\/\/ringstedkoret.dk\/index.php\/baggrundstekster\/#breadcrumb"},"inLanguage":"da-DK","potentialAction":[{"@type":"ReadAction","target":["https:\/\/ringstedkoret.dk\/index.php\/baggrundstekster\/"]}]},{"@type":"BreadcrumbList","@id":"https:\/\/ringstedkoret.dk\/index.php\/baggrundstekster\/#breadcrumb","itemListElement":[{"@type":"ListItem","position":1,"name":"Hjem","item":"https:\/\/ringstedkoret.dk\/"},{"@type":"ListItem","position":2,"name":"Baggrundstekster"}]},{"@type":"WebSite","@id":"https:\/\/ringstedkoret.dk\/#website","url":"https:\/\/ringstedkoret.dk\/","name":"Ringstedkoret","description":"","publisher":{"@id":"https:\/\/ringstedkoret.dk\/#organization"},"potentialAction":[{"@type":"SearchAction","target":{"@type":"EntryPoint","urlTemplate":"https:\/\/ringstedkoret.dk\/?s={search_term_string}"},"query-input":{"@type":"PropertyValueSpecification","valueRequired":true,"valueName":"search_term_string"}}],"inLanguage":"da-DK"},{"@type":"Organization","@id":"https:\/\/ringstedkoret.dk\/#organization","name":"Ringstedkoret","url":"https:\/\/ringstedkoret.dk\/","logo":{"@type":"ImageObject","inLanguage":"da-DK","@id":"https:\/\/ringstedkoret.dk\/#\/schema\/logo\/image\/","url":"https:\/\/ringstedkoret.dk\/wp-content\/uploads\/ikoner\/Logo-nyt.jpg","contentUrl":"https:\/\/ringstedkoret.dk\/wp-content\/uploads\/ikoner\/Logo-nyt.jpg","width":203,"height":200,"caption":"Ringstedkoret"},"image":{"@id":"https:\/\/ringstedkoret.dk\/#\/schema\/logo\/image\/"}}]}},"_links":{"self":[{"href":"https:\/\/ringstedkoret.dk\/index.php\/wp-json\/wp\/v2\/pages\/2776","targetHints":{"allow":["GET"]}}],"collection":[{"href":"https:\/\/ringstedkoret.dk\/index.php\/wp-json\/wp\/v2\/pages"}],"about":[{"href":"https:\/\/ringstedkoret.dk\/index.php\/wp-json\/wp\/v2\/types\/page"}],"author":[{"embeddable":true,"href":"https:\/\/ringstedkoret.dk\/index.php\/wp-json\/wp\/v2\/users\/3"}],"replies":[{"embeddable":true,"href":"https:\/\/ringstedkoret.dk\/index.php\/wp-json\/wp\/v2\/comments?post=2776"}],"version-history":[{"count":19,"href":"https:\/\/ringstedkoret.dk\/index.php\/wp-json\/wp\/v2\/pages\/2776\/revisions"}],"predecessor-version":[{"id":12145,"href":"https:\/\/ringstedkoret.dk\/index.php\/wp-json\/wp\/v2\/pages\/2776\/revisions\/12145"}],"wp:attachment":[{"href":"https:\/\/ringstedkoret.dk\/index.php\/wp-json\/wp\/v2\/media?parent=2776"}],"curies":[{"name":"wp","href":"https:\/\/api.w.org\/{rel}","templated":true}]}}