{"id":37,"date":"2019-07-12T13:51:48","date_gmt":"2019-07-12T11:51:48","guid":{"rendered":"http:\/\/wordp.ringstedkoret.dk\/?page_id=37"},"modified":"2023-06-13T18:31:11","modified_gmt":"2023-06-13T16:31:11","slug":"naeste-koncert","status":"publish","type":"page","link":"https:\/\/ringstedkoret.dk\/index.php\/naeste-koncert\/","title":{"rendered":"Aktuelt repertoire"},"content":{"rendered":"\n<p>Her kan du l\u00e6se om den aktuelle s\u00e6sons repertoire og koncerter.  P\u00e5 denne side findes alle koncertoplysninger: tid og sted for s\u00e6sonens koncert(er), koncertprogram(mer), p\u00e5kl\u00e6dning og m\u00f8detid. <br>Her finder du ogs\u00e5 seneste nyt fra Janus &#8211; om repertoire, noder, \u00f8vefiler, \u00f8veinstruktioner m.m. <\/p>\n\n\n\n<h3 class=\"wp-block-heading\">Koncertprogram for\u00e5r 2020<\/h3>\n\n\n\n<p><strong>Sommerkoncert i Klostermarkskirken 14. juni 2020<\/strong><br>Koncertprogram: (kan printes ud, n\u00e5r teksten er bl\u00e5)<br>P\u00e5kl\u00e6dning: (kommer senere)<strong> <\/strong><br>M\u00f8detidspunkt: (kommer senere)<\/p>\n\n\n\n<h3 class=\"wp-block-heading\">Nyt fra Janus for\u00e5r 2020<\/h3>\n\n\n\n<p class=\"has-text-align-right has-small-font-size\">Eksempler p\u00e5 indspilninger af s\u00e6sonens repertoire finder du <a href=\"http:\/\/ringstedkoret.dk\/index.php\/lytteeksempler\/\">her<\/a>.<\/p>\n","protected":false},"excerpt":{"rendered":"<p>Her kan du l\u00e6se om den aktuelle s\u00e6sons repertoire og koncerter. P\u00e5 denne side findes alle koncertoplysninger: tid og sted for s\u00e6sonens koncert(er), koncertprogram(mer), p\u00e5kl\u00e6dning og m\u00f8detid. Her finder du ogs\u00e5 seneste nyt fra Janus &#8211; om repertoire, noder, \u00f8vefiler, \u00f8veinstruktioner m.m. Koncertprogram for\u00e5r 2020 Sommerkoncert i Klostermarkskirken 14. juni 2020Koncertprogram: (kan printes ud, n\u00e5r [&hellip;]<\/p>\n","protected":false},"author":3,"featured_media":0,"parent":0,"menu_order":4,"comment_status":"closed","ping_status":"closed","template":"","meta":{"footnotes":""},"class_list":["post-37","page","type-page","status-publish","czr-hentry"],"featured_image_urls_v2":{"full":"","thumbnail":"","medium":"","medium_large":"","large":"","1536x1536":"","2048x2048":"","tc-grid-full":"","tc-grid":"","tc-thumb":"","slider-full":"","slider":"","tc-sq-thumb":"","tc-ws-thumb":"","tc-ws-small-thumb":"","tc-slider-small":""},"post_excerpt_stackable_v2":"<p>Her kan du l\u00e6se om den aktuelle s\u00e6sons repertoire og koncerter. P\u00e5 denne side findes alle koncertoplysninger: tid og sted for s\u00e6sonens koncert(er), koncertprogram(mer), p\u00e5kl\u00e6dning og m\u00f8detid. Her finder du ogs\u00e5 seneste nyt fra Janus &#8211; om repertoire, noder, \u00f8vefiler, \u00f8veinstruktioner m.m. Koncertprogram for\u00e5r 2020 Sommerkoncert i Klostermarkskirken 14. juni 2020Koncertprogram: (kan printes ud, n\u00e5r teksten er bl\u00e5)P\u00e5kl\u00e6dning: (kommer senere) M\u00f8detidspunkt: (kommer senere) Nyt fra Janus for\u00e5r 2020 Eksempler p\u00e5 indspilninger af s\u00e6sonens repertoire finder du her.<\/p>\n","category_list_v2":"","author_info_v2":{"name":"Rita","url":"https:\/\/ringstedkoret.dk\/index.php\/author\/rita\/"},"comments_num_v2":"0 comments","yoast_head":"<!-- This site is optimized with the Yoast SEO plugin v27.4 - https:\/\/yoast.com\/product\/yoast-seo-wordpress\/ -->\n<title>Aktuelt repertoire - Ringstedkoret<\/title>\n<meta name=\"robots\" content=\"index, follow, max-snippet:-1, max-image-preview:large, max-video-preview:-1\" \/>\n<link rel=\"canonical\" href=\"https:\/\/ringstedkoret.dk\/index.php\/naeste-koncert\/\" \/>\n<meta property=\"og:locale\" content=\"da_DK\" \/>\n<meta property=\"og:type\" content=\"article\" \/>\n<meta property=\"og:title\" content=\"Aktuelt repertoire - Ringstedkoret\" \/>\n<meta property=\"og:description\" content=\"Her kan du l\u00e6se om den aktuelle s\u00e6sons repertoire og koncerter. P\u00e5 denne side findes alle koncertoplysninger: tid og sted for s\u00e6sonens koncert(er), koncertprogram(mer), p\u00e5kl\u00e6dning og m\u00f8detid. Her finder du ogs\u00e5 seneste nyt fra Janus &#8211; om repertoire, noder, \u00f8vefiler, \u00f8veinstruktioner m.m. Koncertprogram for\u00e5r 2020 Sommerkoncert i Klostermarkskirken 14. juni 2020Koncertprogram: (kan printes ud, n\u00e5r [&hellip;]\" \/>\n<meta property=\"og:url\" content=\"https:\/\/ringstedkoret.dk\/index.php\/naeste-koncert\/\" \/>\n<meta property=\"og:site_name\" content=\"Ringstedkoret\" \/>\n<meta property=\"article:modified_time\" content=\"2023-06-13T16:31:11+00:00\" \/>\n<meta name=\"twitter:card\" content=\"summary_large_image\" \/>\n<meta name=\"twitter:label1\" content=\"Estimeret l\u00e6setid\" \/>\n\t<meta name=\"twitter:data1\" content=\"1 minut\" \/>\n<script type=\"application\/ld+json\" class=\"yoast-schema-graph\">{\"@context\":\"https:\\\/\\\/schema.org\",\"@graph\":[{\"@type\":\"WebPage\",\"@id\":\"https:\\\/\\\/ringstedkoret.dk\\\/index.php\\\/naeste-koncert\\\/\",\"url\":\"https:\\\/\\\/ringstedkoret.dk\\\/index.php\\\/naeste-koncert\\\/\",\"name\":\"Aktuelt repertoire - Ringstedkoret\",\"isPartOf\":{\"@id\":\"https:\\\/\\\/ringstedkoret.dk\\\/#website\"},\"datePublished\":\"2019-07-12T11:51:48+00:00\",\"dateModified\":\"2023-06-13T16:31:11+00:00\",\"breadcrumb\":{\"@id\":\"https:\\\/\\\/ringstedkoret.dk\\\/index.php\\\/naeste-koncert\\\/#breadcrumb\"},\"inLanguage\":\"da-DK\",\"potentialAction\":[{\"@type\":\"ReadAction\",\"target\":[\"https:\\\/\\\/ringstedkoret.dk\\\/index.php\\\/naeste-koncert\\\/\"]}]},{\"@type\":\"BreadcrumbList\",\"@id\":\"https:\\\/\\\/ringstedkoret.dk\\\/index.php\\\/naeste-koncert\\\/#breadcrumb\",\"itemListElement\":[{\"@type\":\"ListItem\",\"position\":1,\"name\":\"Hjem\",\"item\":\"https:\\\/\\\/ringstedkoret.dk\\\/\"},{\"@type\":\"ListItem\",\"position\":2,\"name\":\"Aktuelt repertoire\"}]},{\"@type\":\"WebSite\",\"@id\":\"https:\\\/\\\/ringstedkoret.dk\\\/#website\",\"url\":\"https:\\\/\\\/ringstedkoret.dk\\\/\",\"name\":\"Ringstedkoret\",\"description\":\"\",\"publisher\":{\"@id\":\"https:\\\/\\\/ringstedkoret.dk\\\/#organization\"},\"potentialAction\":[{\"@type\":\"SearchAction\",\"target\":{\"@type\":\"EntryPoint\",\"urlTemplate\":\"https:\\\/\\\/ringstedkoret.dk\\\/?s={search_term_string}\"},\"query-input\":{\"@type\":\"PropertyValueSpecification\",\"valueRequired\":true,\"valueName\":\"search_term_string\"}}],\"inLanguage\":\"da-DK\"},{\"@type\":\"Organization\",\"@id\":\"https:\\\/\\\/ringstedkoret.dk\\\/#organization\",\"name\":\"Ringstedkoret\",\"url\":\"https:\\\/\\\/ringstedkoret.dk\\\/\",\"logo\":{\"@type\":\"ImageObject\",\"inLanguage\":\"da-DK\",\"@id\":\"https:\\\/\\\/ringstedkoret.dk\\\/#\\\/schema\\\/logo\\\/image\\\/\",\"url\":\"https:\\\/\\\/ringstedkoret.dk\\\/wp-content\\\/uploads\\\/ikoner\\\/Logo-nyt.jpg\",\"contentUrl\":\"https:\\\/\\\/ringstedkoret.dk\\\/wp-content\\\/uploads\\\/ikoner\\\/Logo-nyt.jpg\",\"width\":203,\"height\":200,\"caption\":\"Ringstedkoret\"},\"image\":{\"@id\":\"https:\\\/\\\/ringstedkoret.dk\\\/#\\\/schema\\\/logo\\\/image\\\/\"}}]}<\/script>\n<!-- \/ Yoast SEO plugin. -->","yoast_head_json":{"title":"Aktuelt repertoire - Ringstedkoret","robots":{"index":"index","follow":"follow","max-snippet":"max-snippet:-1","max-image-preview":"max-image-preview:large","max-video-preview":"max-video-preview:-1"},"canonical":"https:\/\/ringstedkoret.dk\/index.php\/naeste-koncert\/","og_locale":"da_DK","og_type":"article","og_title":"Aktuelt repertoire - Ringstedkoret","og_description":"Her kan du l\u00e6se om den aktuelle s\u00e6sons repertoire og koncerter. P\u00e5 denne side findes alle koncertoplysninger: tid og sted for s\u00e6sonens koncert(er), koncertprogram(mer), p\u00e5kl\u00e6dning og m\u00f8detid. Her finder du ogs\u00e5 seneste nyt fra Janus &#8211; om repertoire, noder, \u00f8vefiler, \u00f8veinstruktioner m.m. Koncertprogram for\u00e5r 2020 Sommerkoncert i Klostermarkskirken 14. juni 2020Koncertprogram: (kan printes ud, n\u00e5r [&hellip;]","og_url":"https:\/\/ringstedkoret.dk\/index.php\/naeste-koncert\/","og_site_name":"Ringstedkoret","article_modified_time":"2023-06-13T16:31:11+00:00","twitter_card":"summary_large_image","twitter_misc":{"Estimeret l\u00e6setid":"1 minut"},"schema":{"@context":"https:\/\/schema.org","@graph":[{"@type":"WebPage","@id":"https:\/\/ringstedkoret.dk\/index.php\/naeste-koncert\/","url":"https:\/\/ringstedkoret.dk\/index.php\/naeste-koncert\/","name":"Aktuelt repertoire - Ringstedkoret","isPartOf":{"@id":"https:\/\/ringstedkoret.dk\/#website"},"datePublished":"2019-07-12T11:51:48+00:00","dateModified":"2023-06-13T16:31:11+00:00","breadcrumb":{"@id":"https:\/\/ringstedkoret.dk\/index.php\/naeste-koncert\/#breadcrumb"},"inLanguage":"da-DK","potentialAction":[{"@type":"ReadAction","target":["https:\/\/ringstedkoret.dk\/index.php\/naeste-koncert\/"]}]},{"@type":"BreadcrumbList","@id":"https:\/\/ringstedkoret.dk\/index.php\/naeste-koncert\/#breadcrumb","itemListElement":[{"@type":"ListItem","position":1,"name":"Hjem","item":"https:\/\/ringstedkoret.dk\/"},{"@type":"ListItem","position":2,"name":"Aktuelt repertoire"}]},{"@type":"WebSite","@id":"https:\/\/ringstedkoret.dk\/#website","url":"https:\/\/ringstedkoret.dk\/","name":"Ringstedkoret","description":"","publisher":{"@id":"https:\/\/ringstedkoret.dk\/#organization"},"potentialAction":[{"@type":"SearchAction","target":{"@type":"EntryPoint","urlTemplate":"https:\/\/ringstedkoret.dk\/?s={search_term_string}"},"query-input":{"@type":"PropertyValueSpecification","valueRequired":true,"valueName":"search_term_string"}}],"inLanguage":"da-DK"},{"@type":"Organization","@id":"https:\/\/ringstedkoret.dk\/#organization","name":"Ringstedkoret","url":"https:\/\/ringstedkoret.dk\/","logo":{"@type":"ImageObject","inLanguage":"da-DK","@id":"https:\/\/ringstedkoret.dk\/#\/schema\/logo\/image\/","url":"https:\/\/ringstedkoret.dk\/wp-content\/uploads\/ikoner\/Logo-nyt.jpg","contentUrl":"https:\/\/ringstedkoret.dk\/wp-content\/uploads\/ikoner\/Logo-nyt.jpg","width":203,"height":200,"caption":"Ringstedkoret"},"image":{"@id":"https:\/\/ringstedkoret.dk\/#\/schema\/logo\/image\/"}}]}},"_links":{"self":[{"href":"https:\/\/ringstedkoret.dk\/index.php\/wp-json\/wp\/v2\/pages\/37","targetHints":{"allow":["GET"]}}],"collection":[{"href":"https:\/\/ringstedkoret.dk\/index.php\/wp-json\/wp\/v2\/pages"}],"about":[{"href":"https:\/\/ringstedkoret.dk\/index.php\/wp-json\/wp\/v2\/types\/page"}],"author":[{"embeddable":true,"href":"https:\/\/ringstedkoret.dk\/index.php\/wp-json\/wp\/v2\/users\/3"}],"replies":[{"embeddable":true,"href":"https:\/\/ringstedkoret.dk\/index.php\/wp-json\/wp\/v2\/comments?post=37"}],"version-history":[{"count":123,"href":"https:\/\/ringstedkoret.dk\/index.php\/wp-json\/wp\/v2\/pages\/37\/revisions"}],"predecessor-version":[{"id":11065,"href":"https:\/\/ringstedkoret.dk\/index.php\/wp-json\/wp\/v2\/pages\/37\/revisions\/11065"}],"wp:attachment":[{"href":"https:\/\/ringstedkoret.dk\/index.php\/wp-json\/wp\/v2\/media?parent=37"}],"curies":[{"name":"wp","href":"https:\/\/api.w.org\/{rel}","templated":true}]}}