{"id":3942,"date":"2020-06-06T07:20:03","date_gmt":"2020-06-06T05:20:03","guid":{"rendered":"http:\/\/wordp.ringstedkoret.dk\/?page_id=3942"},"modified":"2025-11-25T14:24:27","modified_gmt":"2025-11-25T13:24:27","slug":"hvem-er-vi","status":"publish","type":"page","link":"https:\/\/ringstedkoret.dk\/index.php\/hvem-er-vi\/","title":{"rendered":"Hvem er vi?"},"content":{"rendered":"<div class=\"wp-block-image\">\n<figure class=\"alignright is-resized\"><img loading=\"lazy\" decoding=\"async\" width=\"563\" height=\"452\" src=\"http:\/\/ringstedkoret.dk\/wp-content\/uploads\/ikoner\/Kor_hjerte-3.jpg\" alt=\"\" class=\"wp-image-3177\" style=\"width:282px;height:226px\" srcset=\"https:\/\/ringstedkoret.dk\/wp-content\/uploads\/ikoner\/Kor_hjerte-3.jpg 563w, https:\/\/ringstedkoret.dk\/wp-content\/uploads\/ikoner\/Kor_hjerte-3-300x241.jpg 300w\" sizes=\"auto, (max-width: 563px) 100vw, 563px\" \/><\/figure>\n<\/div>\n\n\n<p>Ringstedkoret er et firstemmigt voksenkor med 30-35 sangere. Vi er hjemmeh\u00f8rende i Ringsted. Nogle af os har v\u00e6ret i koret i mange \u00e5r, andre er nytilkomne. F\u00e6lles for os alle er vores store gl\u00e6de ved at synge.<\/p>\n\n\n\n<p>Koret er grundlagt i 1943 af en ung hj\u00e6lpepr\u00e6st ved navn Poul Pedersen. I de f\u00f8rste \u00e5rtier sang koret kirkemusik a cappella. I l\u00f8bet af 1960&#8217;erne kom store korv\u00e6rker med musikledsagelse og solister p\u00e5 programmet. De senere \u00e5r har andre genrer, f. eks. musicals, evergreens og helt aktuelt i 2022-2024 &#8211; har rock ogs\u00e5 fundet en plads i repertoiret (l\u00e6s mere nederst i dette indl\u00e6g).<\/p>\n\n\n\n<p>I Ringstedbogen 2017 har Frode Hansen, mange\u00e5rigt medlem af koret, beskrevet Ringstedkorets farverige historie.  L\u00e6s artiklen <a aria-label=\" (\u00e5bner i en ny fane)\" href=\"http:\/\/ringstedkoret.dk\/wp-content\/uploads\/tekster\/baggrundstekster\/RINGSTEDbogen-Frodes_artikel-2017.pdf\" target=\"_blank\" rel=\"noreferrer noopener\">her<\/a>.<\/p>\n\n\n\n<h5 class=\"wp-block-heading\">Repertoiret<\/h5>\n\n\n\n<p>En lang r\u00e6kke dygtige dirigenter har sat deres pr\u00e6g p\u00e5 Ringstedkoret i \u00e5renes l\u00f8b. <br>I dag er koret kendetegnet ved et h\u00f8jt ambitionsniveau og et omfattende, rigt varieret repertoire.<\/p>\n\n\n\n<p>Korets repertoire r\u00e6kker fra klassiske v\u00e6rker til folkek\u00e6re sange og evergreens. Blandt de foretrukne klassiske komponister er Vivaldi, Schubert og Brahms. Koret synger et v\u00e6ld af nordiske sange &#8211; lyriske, dramatiske, sk\u00e6lmske, vemodige. <\/p>\n\n\n\n<p>Fra 28. okt. 2025 tiltr\u00e5dte Ida Nystad som Ringstedkorets nye dirigent. Ida er uddannet som pianist fra Musikakademiet i Krakow i Polen, hvor hun blev kandidat med udm\u00e6rkelse i oktober 2019. Hun afsluttede sine solistklassestudier ved en koncert-eksamen i oktober 2021. <\/p>\n\n\n\n<p>Ida har givet koncerter over hele verden; i mange byer i Polen og Danmark, i Italien, Letland, USA, Canada, Tyskland og i \u00d8strig, hvor hun har spillet i Wien adskillige gange blandt andet i Altes Rathaus Baroksal i Wiens centrum. I 2019 turnerede hun p\u00e5 Island med koncerter i Reykjavik, Akranes og Borganes. Ida Nystad er prismodtager i den internationale klaver konkurrence Music Without Limits i Litauen.<\/p>\n\n\n\n<p>I perioden marts 2022 &#8211; aug. 2025 var Max Sydendal korets dirigent. Repertoiret var i den periode pr\u00e6get af kompositioner og arrangementer af Max. Det klassiske v\u00e6rk &#8216;Missa Brevis&#8217;, som Max komponerede i 1986, blev uropf\u00f8rt af Ringstedkoret samme \u00e5r, og blev igen opf\u00f8rt af Ringstedkoret i nov. 2024.<\/p>\n\n\n\n<p>Af andre tidligere arrangementer kan bl.a. n\u00e6vnes en korudgave af Kai Normann Andersens ud\u00f8delige &#8216;M\u00f8d mig p\u00e5 Cassiopeia&#8217;, og Max har ogs\u00e5 sat musik til en r\u00e6kke digte af Carsten Hauch, dansk forfatter fra romantikkens tid. I de sidste 2 \u00e5r har Max lavet arrangement for 4-stemmigt kor og 7 strygere til tre af Queens meget kendte rocknumre: &#8216;Love of my Life&#8217; (Mercury), &#8216;Who Wants to Live Forever&#8217; (May) og &#8216;Bohemian Rhapsody&#8217; (Mercury).<br><br>L\u00e6s mere om koret og vores tidligere koncerter i <a href=\"https:\/\/ringstedkoret.dk\/wp-content\/uploads\/bestyrelsen\/foldere\/koncertfolder_nov-2025.pdf\" target=\"_blank\" rel=\"noreferrer noopener nofollow\">brochure om Ringstedkoret<\/a>.<\/p>\n\n\n\n<p><\/p>\n","protected":false},"excerpt":{"rendered":"<p>Ringstedkoret er et firstemmigt voksenkor med 30-35 sangere. Vi er hjemmeh\u00f8rende i Ringsted. Nogle af os har v\u00e6ret i koret i mange \u00e5r, andre er nytilkomne. F\u00e6lles for os alle er vores store gl\u00e6de ved at synge. Koret er grundlagt i 1943 af en ung hj\u00e6lpepr\u00e6st ved navn Poul Pedersen. I de f\u00f8rste \u00e5rtier sang [&hellip;]<\/p>\n","protected":false},"author":3,"featured_media":0,"parent":0,"menu_order":0,"comment_status":"closed","ping_status":"closed","template":"","meta":{"footnotes":""},"class_list":["post-3942","page","type-page","status-publish","czr-hentry"],"featured_image_urls_v2":{"full":"","thumbnail":"","medium":"","medium_large":"","large":"","1536x1536":"","2048x2048":"","tc-grid-full":"","tc-grid":"","tc-thumb":"","slider-full":"","slider":"","tc-sq-thumb":"","tc-ws-thumb":"","tc-ws-small-thumb":"","tc-slider-small":""},"post_excerpt_stackable_v2":"<p>Ringstedkoret er et firstemmigt voksenkor med 30-35 sangere. Vi er hjemmeh\u00f8rende i Ringsted. Nogle af os har v\u00e6ret i koret i mange \u00e5r, andre er nytilkomne. F\u00e6lles for os alle er vores store gl\u00e6de ved at synge. Koret er grundlagt i 1943 af en ung hj\u00e6lpepr\u00e6st ved navn Poul Pedersen. I de f\u00f8rste \u00e5rtier sang koret kirkemusik a cappella. I l\u00f8bet af 1960&#8217;erne kom store korv\u00e6rker med musikledsagelse og solister p\u00e5 programmet. De senere \u00e5r har andre genrer, f. eks. musicals, evergreens og helt aktuelt i 2022-2024 &#8211; har rock ogs\u00e5 fundet en plads i repertoiret (l\u00e6s mere nederst i&hellip;<\/p>\n","category_list_v2":"","author_info_v2":{"name":"Rita","url":"https:\/\/ringstedkoret.dk\/index.php\/author\/rita\/"},"comments_num_v2":"0 comments","yoast_head":"<!-- This site is optimized with the Yoast SEO plugin v27.5 - https:\/\/yoast.com\/product\/yoast-seo-wordpress\/ -->\n<title>Hvem er vi? - Ringstedkoret<\/title>\n<meta name=\"robots\" content=\"index, follow, max-snippet:-1, max-image-preview:large, max-video-preview:-1\" \/>\n<link rel=\"canonical\" href=\"https:\/\/ringstedkoret.dk\/index.php\/hvem-er-vi\/\" \/>\n<meta property=\"og:locale\" content=\"da_DK\" \/>\n<meta property=\"og:type\" content=\"article\" \/>\n<meta property=\"og:title\" content=\"Hvem er vi? - Ringstedkoret\" \/>\n<meta property=\"og:description\" content=\"Ringstedkoret er et firstemmigt voksenkor med 30-35 sangere. Vi er hjemmeh\u00f8rende i Ringsted. Nogle af os har v\u00e6ret i koret i mange \u00e5r, andre er nytilkomne. F\u00e6lles for os alle er vores store gl\u00e6de ved at synge. Koret er grundlagt i 1943 af en ung hj\u00e6lpepr\u00e6st ved navn Poul Pedersen. I de f\u00f8rste \u00e5rtier sang [&hellip;]\" \/>\n<meta property=\"og:url\" content=\"https:\/\/ringstedkoret.dk\/index.php\/hvem-er-vi\/\" \/>\n<meta property=\"og:site_name\" content=\"Ringstedkoret\" \/>\n<meta property=\"article:modified_time\" content=\"2025-11-25T13:24:27+00:00\" \/>\n<meta property=\"og:image\" content=\"http:\/\/ringstedkoret.dk\/wp-content\/uploads\/ikoner\/Kor_hjerte-3.jpg\" \/>\n<meta name=\"twitter:card\" content=\"summary_large_image\" \/>\n<meta name=\"twitter:label1\" content=\"Estimeret l\u00e6setid\" \/>\n\t<meta name=\"twitter:data1\" content=\"3 minutter\" \/>\n<script type=\"application\/ld+json\" class=\"yoast-schema-graph\">{\"@context\":\"https:\\\/\\\/schema.org\",\"@graph\":[{\"@type\":\"WebPage\",\"@id\":\"https:\\\/\\\/ringstedkoret.dk\\\/index.php\\\/hvem-er-vi\\\/\",\"url\":\"https:\\\/\\\/ringstedkoret.dk\\\/index.php\\\/hvem-er-vi\\\/\",\"name\":\"Hvem er vi? - Ringstedkoret\",\"isPartOf\":{\"@id\":\"https:\\\/\\\/ringstedkoret.dk\\\/#website\"},\"primaryImageOfPage\":{\"@id\":\"https:\\\/\\\/ringstedkoret.dk\\\/index.php\\\/hvem-er-vi\\\/#primaryimage\"},\"image\":{\"@id\":\"https:\\\/\\\/ringstedkoret.dk\\\/index.php\\\/hvem-er-vi\\\/#primaryimage\"},\"thumbnailUrl\":\"http:\\\/\\\/ringstedkoret.dk\\\/wp-content\\\/uploads\\\/ikoner\\\/Kor_hjerte-3.jpg\",\"datePublished\":\"2020-06-06T05:20:03+00:00\",\"dateModified\":\"2025-11-25T13:24:27+00:00\",\"breadcrumb\":{\"@id\":\"https:\\\/\\\/ringstedkoret.dk\\\/index.php\\\/hvem-er-vi\\\/#breadcrumb\"},\"inLanguage\":\"da-DK\",\"potentialAction\":[{\"@type\":\"ReadAction\",\"target\":[\"https:\\\/\\\/ringstedkoret.dk\\\/index.php\\\/hvem-er-vi\\\/\"]}]},{\"@type\":\"ImageObject\",\"inLanguage\":\"da-DK\",\"@id\":\"https:\\\/\\\/ringstedkoret.dk\\\/index.php\\\/hvem-er-vi\\\/#primaryimage\",\"url\":\"https:\\\/\\\/ringstedkoret.dk\\\/wp-content\\\/uploads\\\/ikoner\\\/Kor_hjerte-3.jpg\",\"contentUrl\":\"https:\\\/\\\/ringstedkoret.dk\\\/wp-content\\\/uploads\\\/ikoner\\\/Kor_hjerte-3.jpg\",\"width\":563,\"height\":452},{\"@type\":\"BreadcrumbList\",\"@id\":\"https:\\\/\\\/ringstedkoret.dk\\\/index.php\\\/hvem-er-vi\\\/#breadcrumb\",\"itemListElement\":[{\"@type\":\"ListItem\",\"position\":1,\"name\":\"Hjem\",\"item\":\"https:\\\/\\\/ringstedkoret.dk\\\/\"},{\"@type\":\"ListItem\",\"position\":2,\"name\":\"Hvem er vi?\"}]},{\"@type\":\"WebSite\",\"@id\":\"https:\\\/\\\/ringstedkoret.dk\\\/#website\",\"url\":\"https:\\\/\\\/ringstedkoret.dk\\\/\",\"name\":\"Ringstedkoret\",\"description\":\"\",\"publisher\":{\"@id\":\"https:\\\/\\\/ringstedkoret.dk\\\/#organization\"},\"potentialAction\":[{\"@type\":\"SearchAction\",\"target\":{\"@type\":\"EntryPoint\",\"urlTemplate\":\"https:\\\/\\\/ringstedkoret.dk\\\/?s={search_term_string}\"},\"query-input\":{\"@type\":\"PropertyValueSpecification\",\"valueRequired\":true,\"valueName\":\"search_term_string\"}}],\"inLanguage\":\"da-DK\"},{\"@type\":\"Organization\",\"@id\":\"https:\\\/\\\/ringstedkoret.dk\\\/#organization\",\"name\":\"Ringstedkoret\",\"url\":\"https:\\\/\\\/ringstedkoret.dk\\\/\",\"logo\":{\"@type\":\"ImageObject\",\"inLanguage\":\"da-DK\",\"@id\":\"https:\\\/\\\/ringstedkoret.dk\\\/#\\\/schema\\\/logo\\\/image\\\/\",\"url\":\"https:\\\/\\\/ringstedkoret.dk\\\/wp-content\\\/uploads\\\/ikoner\\\/Logo-nyt.jpg\",\"contentUrl\":\"https:\\\/\\\/ringstedkoret.dk\\\/wp-content\\\/uploads\\\/ikoner\\\/Logo-nyt.jpg\",\"width\":203,\"height\":200,\"caption\":\"Ringstedkoret\"},\"image\":{\"@id\":\"https:\\\/\\\/ringstedkoret.dk\\\/#\\\/schema\\\/logo\\\/image\\\/\"}}]}<\/script>\n<!-- \/ Yoast SEO plugin. -->","yoast_head_json":{"title":"Hvem er vi? - Ringstedkoret","robots":{"index":"index","follow":"follow","max-snippet":"max-snippet:-1","max-image-preview":"max-image-preview:large","max-video-preview":"max-video-preview:-1"},"canonical":"https:\/\/ringstedkoret.dk\/index.php\/hvem-er-vi\/","og_locale":"da_DK","og_type":"article","og_title":"Hvem er vi? - Ringstedkoret","og_description":"Ringstedkoret er et firstemmigt voksenkor med 30-35 sangere. Vi er hjemmeh\u00f8rende i Ringsted. Nogle af os har v\u00e6ret i koret i mange \u00e5r, andre er nytilkomne. F\u00e6lles for os alle er vores store gl\u00e6de ved at synge. Koret er grundlagt i 1943 af en ung hj\u00e6lpepr\u00e6st ved navn Poul Pedersen. I de f\u00f8rste \u00e5rtier sang [&hellip;]","og_url":"https:\/\/ringstedkoret.dk\/index.php\/hvem-er-vi\/","og_site_name":"Ringstedkoret","article_modified_time":"2025-11-25T13:24:27+00:00","og_image":[{"url":"http:\/\/ringstedkoret.dk\/wp-content\/uploads\/ikoner\/Kor_hjerte-3.jpg","type":"","width":"","height":""}],"twitter_card":"summary_large_image","twitter_misc":{"Estimeret l\u00e6setid":"3 minutter"},"schema":{"@context":"https:\/\/schema.org","@graph":[{"@type":"WebPage","@id":"https:\/\/ringstedkoret.dk\/index.php\/hvem-er-vi\/","url":"https:\/\/ringstedkoret.dk\/index.php\/hvem-er-vi\/","name":"Hvem er vi? - Ringstedkoret","isPartOf":{"@id":"https:\/\/ringstedkoret.dk\/#website"},"primaryImageOfPage":{"@id":"https:\/\/ringstedkoret.dk\/index.php\/hvem-er-vi\/#primaryimage"},"image":{"@id":"https:\/\/ringstedkoret.dk\/index.php\/hvem-er-vi\/#primaryimage"},"thumbnailUrl":"http:\/\/ringstedkoret.dk\/wp-content\/uploads\/ikoner\/Kor_hjerte-3.jpg","datePublished":"2020-06-06T05:20:03+00:00","dateModified":"2025-11-25T13:24:27+00:00","breadcrumb":{"@id":"https:\/\/ringstedkoret.dk\/index.php\/hvem-er-vi\/#breadcrumb"},"inLanguage":"da-DK","potentialAction":[{"@type":"ReadAction","target":["https:\/\/ringstedkoret.dk\/index.php\/hvem-er-vi\/"]}]},{"@type":"ImageObject","inLanguage":"da-DK","@id":"https:\/\/ringstedkoret.dk\/index.php\/hvem-er-vi\/#primaryimage","url":"https:\/\/ringstedkoret.dk\/wp-content\/uploads\/ikoner\/Kor_hjerte-3.jpg","contentUrl":"https:\/\/ringstedkoret.dk\/wp-content\/uploads\/ikoner\/Kor_hjerte-3.jpg","width":563,"height":452},{"@type":"BreadcrumbList","@id":"https:\/\/ringstedkoret.dk\/index.php\/hvem-er-vi\/#breadcrumb","itemListElement":[{"@type":"ListItem","position":1,"name":"Hjem","item":"https:\/\/ringstedkoret.dk\/"},{"@type":"ListItem","position":2,"name":"Hvem er vi?"}]},{"@type":"WebSite","@id":"https:\/\/ringstedkoret.dk\/#website","url":"https:\/\/ringstedkoret.dk\/","name":"Ringstedkoret","description":"","publisher":{"@id":"https:\/\/ringstedkoret.dk\/#organization"},"potentialAction":[{"@type":"SearchAction","target":{"@type":"EntryPoint","urlTemplate":"https:\/\/ringstedkoret.dk\/?s={search_term_string}"},"query-input":{"@type":"PropertyValueSpecification","valueRequired":true,"valueName":"search_term_string"}}],"inLanguage":"da-DK"},{"@type":"Organization","@id":"https:\/\/ringstedkoret.dk\/#organization","name":"Ringstedkoret","url":"https:\/\/ringstedkoret.dk\/","logo":{"@type":"ImageObject","inLanguage":"da-DK","@id":"https:\/\/ringstedkoret.dk\/#\/schema\/logo\/image\/","url":"https:\/\/ringstedkoret.dk\/wp-content\/uploads\/ikoner\/Logo-nyt.jpg","contentUrl":"https:\/\/ringstedkoret.dk\/wp-content\/uploads\/ikoner\/Logo-nyt.jpg","width":203,"height":200,"caption":"Ringstedkoret"},"image":{"@id":"https:\/\/ringstedkoret.dk\/#\/schema\/logo\/image\/"}}]}},"_links":{"self":[{"href":"https:\/\/ringstedkoret.dk\/index.php\/wp-json\/wp\/v2\/pages\/3942","targetHints":{"allow":["GET"]}}],"collection":[{"href":"https:\/\/ringstedkoret.dk\/index.php\/wp-json\/wp\/v2\/pages"}],"about":[{"href":"https:\/\/ringstedkoret.dk\/index.php\/wp-json\/wp\/v2\/types\/page"}],"author":[{"embeddable":true,"href":"https:\/\/ringstedkoret.dk\/index.php\/wp-json\/wp\/v2\/users\/3"}],"replies":[{"embeddable":true,"href":"https:\/\/ringstedkoret.dk\/index.php\/wp-json\/wp\/v2\/comments?post=3942"}],"version-history":[{"count":83,"href":"https:\/\/ringstedkoret.dk\/index.php\/wp-json\/wp\/v2\/pages\/3942\/revisions"}],"predecessor-version":[{"id":18841,"href":"https:\/\/ringstedkoret.dk\/index.php\/wp-json\/wp\/v2\/pages\/3942\/revisions\/18841"}],"wp:attachment":[{"href":"https:\/\/ringstedkoret.dk\/index.php\/wp-json\/wp\/v2\/media?parent=3942"}],"curies":[{"name":"wp","href":"https:\/\/api.w.org\/{rel}","templated":true}]}}