{"id":4355,"date":"2020-07-09T16:08:05","date_gmt":"2020-07-09T14:08:05","guid":{"rendered":"http:\/\/wordp.ringstedkoret.dk\/?page_id=4355"},"modified":"2023-02-06T18:06:06","modified_gmt":"2023-02-06T17:06:06","slug":"nodeark-til-moed-mig-paa-cassiopeia","status":"publish","type":"page","link":"https:\/\/ringstedkoret.dk\/index.php\/nodeark-til-moed-mig-paa-cassiopeia\/","title":{"rendered":"Nodeark til M\u00f8d mig p\u00e5 Cassiopeia"},"content":{"rendered":"\n<p>Korets h\u00e6fte &#8216;M\u00f8d mig p\u00e5 Cassiopeia&#8217; er lidt sv\u00e6rt l\u00e6seligt, fordi det er h\u00e5ndskrevet. Ulla Gerber Holm (tidligere kormedlem)  redigerede i 2018 noderne til bas og sopran af melodierne til &#8216;M\u00f8d mig p\u00e5 Cassiopeia&#8217;. Ullas nodeark finder du nedenfor. Bem\u00e6rk, at den eneste 2. sopran-stemme er til Musens sang,<\/p>\n\n\n\n<table id=\"tablepress-12\" class=\"tablepress tablepress-id-12\">\n<tbody class=\"row-hover\">\n<tr class=\"row-1\">\n\t<td class=\"column-1\"><\/td><td class=\"column-2\"><\/td><td class=\"column-3\"><\/td><td class=\"column-4\"><\/td><td class=\"column-5\"><\/td>\n<\/tr>\n<tr class=\"row-2\">\n\t<td class=\"column-1\">Titel<\/td><td class=\"column-2\">Sopran<\/td><td class=\"column-3\">Alt<\/td><td class=\"column-4\">Bas<\/td><td class=\"column-5\">2. sopran<\/td>\n<\/tr>\n<tr class=\"row-3\">\n\t<td class=\"column-1\">L\u00f8ft din hat og sving din stok<\/td><td class=\"column-2\"><a href=\"http:\/\/ringstedkoret.dk\/wp-content\/uploads\/noder\/indscannede_noder\/Nodeark_Cassiopeia\/1_loft-din-hat-si1-sopran.pdf\" rel=\"noopener\" target=\"_blank\">Side 1<\/a><br \/>\n<a href=\"http:\/\/ringstedkoret.dk\/wp-content\/uploads\/noder\/indscannede_noder\/Nodeark_Cassiopeia\/1_loft-din-hat-si2-sopran.pdf\" rel=\"noopener\" target=\"_blank\">Side 2<\/a><\/td><td class=\"column-3\"><a href=\"http:\/\/ringstedkoret.dk\/wp-content\/uploads\/noder\/indscannede_noder\/Nodeark_Cassiopeia\/1.-L\u00f8ft-din-hat-ALT-side-1.pdf\" rel=\"noopener\" target=\"_blank\">Side 1<\/a><br \/>\n<a href=\"http:\/\/ringstedkoret.dk\/wp-content\/uploads\/noder\/indscannede_noder\/Nodeark_Cassiopeia\/1.-L\u00f8ft-din-hat-ALT-side-2.pdf\" rel=\"noopener\" target=\"_blank\">Side 2<\/a><\/td><td class=\"column-4\"><a href=\"http:\/\/ringstedkoret.dk\/wp-content\/uploads\/noder\/indscannede_noder\/Nodeark_Cassiopeia\/1_loft-din-hat-si1-BAS.pdf\">Side 1<\/a><br \/>\n<a href=\"http:\/\/ringstedkoret.dk\/wp-content\/uploads\/noder\/indscannede_noder\/Nodeark_Cassiopeia\/1_loft-din-hat-si2-BAS.pdf\" rel=\"noopener\" target=\"_blank\">Side 2<\/a><\/td><td class=\"column-5\"><\/td>\n<\/tr>\n<tr class=\"row-4\">\n\t<td class=\"column-1\">Det er lunt i nat<\/td><td class=\"column-2\"><a href=\"http:\/\/ringstedkoret.dk\/wp-content\/uploads\/noder\/indscannede_noder\/Nodeark_Cassiopeia\/2_lunt-i-nat_sopran.pdf\">1 side<\/a><\/td><td class=\"column-3\"><a href=\"http:\/\/ringstedkoret.dk\/wp-content\/uploads\/noder\/indscannede_noder\/Nodeark_Cassiopeia\/2.-Det-er-lunt-i-Nat.-ALT.pdf\" rel=\"noopener\" target=\"_blank\">1 side<\/a><\/td><td class=\"column-4\"><a href=\"http:\/\/ringstedkoret.dk\/wp-content\/uploads\/noder\/indscannede_noder\/Nodeark_Cassiopeia\/2_lunt-i-nat_BAS.pdf\" rel=\"noopener\" target=\"_blank\">1 side<\/a><\/td><td class=\"column-5\"><\/td>\n<\/tr>\n<tr class=\"row-5\">\n\t<td class=\"column-1\">Alene med en yndig pige<\/td><td class=\"column-2\"><a href=\"http:\/\/ringstedkoret.dk\/wp-content\/uploads\/noder\/indscannede_noder\/Nodeark_Cassiopeia\/3_alene-med-yndig-pige_sopran-si1.pdf\" rel=\"noopener\" target=\"_blank\">Side 1<\/a><br \/>\n<a href=\"http:\/\/ringstedkoret.dk\/wp-content\/uploads\/noder\/indscannede_noder\/Nodeark_Cassiopeia\/3_alene-med-yndig-pige_sopran-si2.pdf\" rel=\"noopener\" target=\"_blank\">Side 2<\/a><\/td><td class=\"column-3\"><a href=\"http:\/\/ringstedkoret.dk\/wp-content\/uploads\/noder\/indscannede_noder\/Nodeark_Cassiopeia\/3.-side-1.ALT_.-Alene-med-en-yndig.pdf\" rel=\"noopener\" target=\"_blank\">Side 1<\/a><br \/>\n<a href=\"http:\/\/ringstedkoret.dk\/wp-content\/uploads\/noder\/indscannede_noder\/Nodeark_Cassiopeia\/3.-side-2.-ALT.Alene-med-en-yndig.pdf\" rel=\"noopener\" target=\"_blank\">Side 2<\/a><\/td><td class=\"column-4\"><a href=\"http:\/\/ringstedkoret.dk\/wp-content\/uploads\/noder\/indscannede_noder\/Nodeark_Cassiopeia\/3_alene-med-yndig-pige_BAS-si1.pdf\" rel=\"noopener\" target=\"_blank\">Side 1<\/a><br \/>\n<a href=\"http:\/\/ringstedkoret.dk\/wp-content\/uploads\/noder\/indscannede_noder\/Nodeark_Cassiopeia\/3_alene-med-yndig-pige_BAS-si2.pdf\" rel=\"noopener\" target=\"_blank\">Side 2<\/a><\/td><td class=\"column-5\"><\/td>\n<\/tr>\n<tr class=\"row-6\">\n\t<td class=\"column-1\">G\u00e5 ud og g\u00e5 en tur<\/td><td class=\"column-2\"><a href=\"http:\/\/ringstedkoret.dk\/wp-content\/uploads\/noder\/indscannede_noder\/Nodeark_Cassiopeia\/4_gaa-ud-og-gaa-tur_sopran_si1.pdf\" rel=\"noopener\" target=\"_blank\">Side 1<\/a><br \/>\n<a href=\"http:\/\/ringstedkoret.dk\/wp-content\/uploads\/noder\/indscannede_noder\/Nodeark_Cassiopeia\/4_gaa-ud-og-gaa-tur_sopran_si2.pdf\" rel=\"noopener\" target=\"_blank\">Side 2<\/a><\/td><td class=\"column-3\"><a href=\"http:\/\/ringstedkoret.dk\/wp-content\/uploads\/noder\/indscannede_noder\/Nodeark_Cassiopeia\/G\u00e5-ud-og-g\u00e5-en-tur-ALT-side-1.pdf\" rel=\"noopener\" target=\"_blank\">Side 1<\/a><br \/>\n<a href=\"http:\/\/ringstedkoret.dk\/wp-content\/uploads\/noder\/indscannede_noder\/Nodeark_Cassiopeia\/G\u00e5-ud-at-g\u00e5-en-tur-alt-side-2.pdf\" rel=\"noopener\" target=\"_blank\">Side 2<\/a><\/td><td class=\"column-4\"><a href=\"http:\/\/ringstedkoret.dk\/wp-content\/uploads\/noder\/indscannede_noder\/Nodeark_Cassiopeia\/4_gaa-ud-og-gaa-tur_BAS-si1.pdf\" rel=\"noopener\" target=\"_blank\">Side 1<\/a><br \/>\n<a href=\"http:\/\/ringstedkoret.dk\/wp-content\/uploads\/noder\/indscannede_noder\/Nodeark_Cassiopeia\/4_gaa-ud-og-gaa-tur_BAS-si2.pdf\" rel=\"noopener\" target=\"_blank\">Side 2<\/a><\/td><td class=\"column-5\"><\/td>\n<\/tr>\n<tr class=\"row-7\">\n\t<td class=\"column-1\">Da Titina gik til bal<\/td><td class=\"column-2\"><a href=\"http:\/\/ringstedkoret.dk\/wp-content\/uploads\/noder\/indscannede_noder\/Nodeark_Cassiopeia\/5_titina-gik-til-bal_sopran_si1.pdf\" rel=\"noopener\" target=\"_blank\">Side 1<\/a><br \/>\n<a href=\"http:\/\/ringstedkoret.dk\/wp-content\/uploads\/noder\/indscannede_noder\/Nodeark_Cassiopeia\/5_titina-gik-til-bal_sopran_si2.pdf\" rel=\"noopener\" target=\"_blank\">Side 2<\/a><br \/>\n<a href=\"http:\/\/ringstedkoret.dk\/wp-content\/uploads\/noder\/indscannede_noder\/Nodeark_Cassiopeia\/5_titina-gik-til-bal_sopran_si3.pdf\" rel=\"noopener\" target=\"_blank\">Side 3<\/a><br \/>\n<a href=\"http:\/\/ringstedkoret.dk\/wp-content\/uploads\/noder\/indscannede_noder\/Nodeark_Cassiopeia\/5_titina-gik-til-bal_sopran_si4.pdf\" rel=\"noopener\" target=\"_blank\">Side 4<\/a><\/td><td class=\"column-3\"><a href=\"http:\/\/ringstedkoret.dk\/wp-content\/uploads\/noder\/indscannede_noder\/Nodeark_Cassiopeia\/Da-Titina-gik-nr.5.-side-1.ALT_.pdf\" rel=\"noopener\" target=\"_blank\">Side 1<\/a><br \/>\n<a href=\"http:\/\/ringstedkoret.dk\/wp-content\/uploads\/noder\/indscannede_noder\/Nodeark_Cassiopeia\/Da-Titina-gik-nr.5.-side-2.ALT_.pdf\" rel=\"noopener\" target=\"_blank\">Side 2<\/a><br \/>\n<a href=\"http:\/\/ringstedkoret.dk\/wp-content\/uploads\/noder\/indscannede_noder\/Nodeark_Cassiopeia\/Da-Titina-gik-nr.5.-side-3.ALT_.pdf\" rel=\"noopener\" target=\"_blank\">Side 3<\/a><br \/>\n<a href=\"http:\/\/ringstedkoret.dk\/wp-content\/uploads\/noder\/indscannede_noder\/Nodeark_Cassiopeia\/Da-Titina-gik-nr.5.-side-4.ALT_.pdf\" rel=\"noopener\" target=\"_blank\">Side 4<\/a><\/td><td class=\"column-4\"><a href=\"http:\/\/ringstedkoret.dk\/wp-content\/uploads\/noder\/indscannede_noder\/Nodeark_Cassiopeia\/5_titina-BAS_side1.pdf\" rel=\"noopener\" target=\"_blank\">Side 1<\/a><br \/>\n<a href=\"http:\/\/ringstedkoret.dk\/wp-content\/uploads\/noder\/indscannede_noder\/Nodeark_Cassiopeia\/5_titina-BAS_side2.pdf\" rel=\"noopener\" target=\"_blank\">Side 2<\/a><br \/>\n<a href=\"http:\/\/ringstedkoret.dk\/wp-content\/uploads\/noder\/indscannede_noder\/Nodeark_Cassiopeia\/5_titina-BAS_side3.pdf\" rel=\"noopener\" target=\"_blank\">Side 3<\/a><br \/>\n<a href=\"http:\/\/ringstedkoret.dk\/wp-content\/uploads\/noder\/indscannede_noder\/Nodeark_Cassiopeia\/5_titina-BAS_side4.pdf\" rel=\"noopener\" target=\"_blank\">Side 4<\/a><\/td><td class=\"column-5\"><\/td>\n<\/tr>\n<tr class=\"row-8\">\n\t<td class=\"column-1\">Musens sang<\/td><td class=\"column-2\"><a href=\"http:\/\/ringstedkoret.dk\/wp-content\/uploads\/noder\/indscannede_noder\/Nodeark_Cassiopeia\/6_musens-sang-1_sopran_si1.pdf\" rel=\"noopener\" target=\"_blank\">Side 1<\/a><br \/>\n<a href=\"http:\/\/ringstedkoret.dk\/wp-content\/uploads\/noder\/indscannede_noder\/Nodeark_Cassiopeia\/6_musens-sang-1_sopran_si2.pdf\" rel=\"noopener\" target=\"_blank\">Side 2<\/a><\/td><td class=\"column-3\"><a href=\"http:\/\/ringstedkoret.dk\/wp-content\/uploads\/noder\/indscannede_noder\/Nodeark_Cassiopeia\/6.-Musens-sang.-side-1-ALT.pdf\" rel=\"noopener\" target=\"_blank\">Side 1<\/a><br \/>\n<a href=\"http:\/\/ringstedkoret.dk\/wp-content\/uploads\/noder\/indscannede_noder\/Nodeark_Cassiopeia\/6.-Musens-sang-side-2.-Alt.pdf\" rel=\"noopener\" target=\"_blank\">Side 2<\/a><\/td><td class=\"column-4\"><a href=\"http:\/\/ringstedkoret.dk\/wp-content\/uploads\/noder\/indscannede_noder\/Nodeark_Cassiopeia\/6_musens-sang-BAS_side1.pdf\" rel=\"noopener\" target=\"_blank\">Side 1<\/a><br \/>\n<a href=\"http:\/\/ringstedkoret.dk\/wp-content\/uploads\/noder\/indscannede_noder\/Nodeark_Cassiopeia\/6_musens-sang-BAS_side2.pdf\" rel=\"noopener\" target=\"_blank\">Side 2<\/a><\/td><td class=\"column-5\"><a href=\"http:\/\/ringstedkoret.dk\/wp-content\/uploads\/noder\/indscannede_noder\/Nodeark_Cassiopeia\/6_musens-sang-2_sopran_si1.pdf\" rel=\"noopener\" target=\"_blank\">Side 1<\/a><br \/>\n<a href=\"http:\/\/ringstedkoret.dk\/wp-content\/uploads\/noder\/indscannede_noder\/Nodeark_Cassiopeia\/6_musens-sang-2_sopran_si2.pdf\" rel=\"noopener\" target=\"_blank\">Side 2<\/a><\/td>\n<\/tr>\n<tr class=\"row-9\">\n\t<td class=\"column-1\">Den allersidste vals<\/td><td class=\"column-2\"><a href=\"http:\/\/ringstedkoret.dk\/wp-content\/uploads\/noder\/indscannede_noder\/Nodeark_Cassiopeia\/7_allersidste-vals_sopran.pdf\" rel=\"noopener\" target=\"_blank\">1 side<\/a><\/td><td class=\"column-3\"><a href=\"http:\/\/ringstedkoret.dk\/wp-content\/uploads\/noder\/indscannede_noder\/Nodeark_Cassiopeia\/7.-Den-allerstidste-vals-ALT.pdf\" rel=\"noopener\" target=\"_blank\">1 side<\/a><\/td><td class=\"column-4\"><a href=\"http:\/\/ringstedkoret.dk\/wp-content\/uploads\/noder\/indscannede_noder\/Nodeark_Cassiopeia\/7_allersidste-vals_BAS.pdf\" rel=\"noopener\" target=\"_blank\">1 side<\/a><\/td><td class=\"column-5\"><\/td>\n<\/tr>\n<\/tbody>\n<\/table>\n<!-- #tablepress-12 from cache -->\n","protected":false},"excerpt":{"rendered":"<p>Korets h\u00e6fte &#8216;M\u00f8d mig p\u00e5 Cassiopeia&#8217; er lidt sv\u00e6rt l\u00e6seligt, fordi det er h\u00e5ndskrevet. Ulla Gerber Holm (tidligere kormedlem) redigerede i 2018 noderne til bas og sopran af melodierne til &#8216;M\u00f8d mig p\u00e5 Cassiopeia&#8217;. Ullas nodeark finder du nedenfor. Bem\u00e6rk, at den eneste 2. sopran-stemme er til Musens sang,<\/p>\n","protected":false},"author":3,"featured_media":0,"parent":0,"menu_order":1,"comment_status":"closed","ping_status":"closed","template":"","meta":{"footnotes":""},"class_list":["post-4355","page","type-page","status-publish","czr-hentry"],"featured_image_urls_v2":{"full":"","thumbnail":"","medium":"","medium_large":"","large":"","1536x1536":"","2048x2048":"","tc-grid-full":"","tc-grid":"","tc-thumb":"","slider-full":"","slider":"","tc-sq-thumb":"","tc-ws-thumb":"","tc-ws-small-thumb":"","tc-slider-small":""},"post_excerpt_stackable_v2":"<p>Korets h\u00e6fte &#8216;M\u00f8d mig p\u00e5 Cassiopeia&#8217; er lidt sv\u00e6rt l\u00e6seligt, fordi det er h\u00e5ndskrevet. Ulla Gerber Holm (tidligere kormedlem) redigerede i 2018 noderne til bas og sopran af melodierne til &#8216;M\u00f8d mig p\u00e5 Cassiopeia&#8217;. Ullas nodeark finder du nedenfor. Bem\u00e6rk, at den eneste 2. sopran-stemme er til Musens sang, TitelSopranAltBas2. sopran L\u00f8ft din hat og sving din stokSide 1 Side 2Side 1 Side 2Side 1 Side 2 Det er lunt i nat1 side1 side1 side Alene med en yndig pigeSide 1 Side 2Side 1 Side 2Side 1 Side 2 G\u00e5 ud og g\u00e5 en turSide 1 Side 2Side 1 Side&hellip;<\/p>\n","category_list_v2":"","author_info_v2":{"name":"Rita","url":"https:\/\/ringstedkoret.dk\/index.php\/author\/rita\/"},"comments_num_v2":"0 comments","yoast_head":"<!-- This site is optimized with the Yoast SEO plugin v27.4 - https:\/\/yoast.com\/product\/yoast-seo-wordpress\/ -->\n<title>Nodeark til M\u00f8d mig p\u00e5 Cassiopeia - Ringstedkoret<\/title>\n<meta name=\"robots\" content=\"index, follow, max-snippet:-1, max-image-preview:large, max-video-preview:-1\" \/>\n<link rel=\"canonical\" href=\"https:\/\/ringstedkoret.dk\/index.php\/nodeark-til-moed-mig-paa-cassiopeia\/\" \/>\n<meta property=\"og:locale\" content=\"da_DK\" \/>\n<meta property=\"og:type\" content=\"article\" \/>\n<meta property=\"og:title\" content=\"Nodeark til M\u00f8d mig p\u00e5 Cassiopeia - Ringstedkoret\" \/>\n<meta property=\"og:description\" content=\"Korets h\u00e6fte &#8216;M\u00f8d mig p\u00e5 Cassiopeia&#8217; er lidt sv\u00e6rt l\u00e6seligt, fordi det er h\u00e5ndskrevet. Ulla Gerber Holm (tidligere kormedlem) redigerede i 2018 noderne til bas og sopran af melodierne til &#8216;M\u00f8d mig p\u00e5 Cassiopeia&#8217;. Ullas nodeark finder du nedenfor. Bem\u00e6rk, at den eneste 2. sopran-stemme er til Musens sang,\" \/>\n<meta property=\"og:url\" content=\"https:\/\/ringstedkoret.dk\/index.php\/nodeark-til-moed-mig-paa-cassiopeia\/\" \/>\n<meta property=\"og:site_name\" content=\"Ringstedkoret\" \/>\n<meta property=\"article:modified_time\" content=\"2023-02-06T17:06:06+00:00\" \/>\n<meta name=\"twitter:card\" content=\"summary_large_image\" \/>\n<meta name=\"twitter:label1\" content=\"Estimeret l\u00e6setid\" \/>\n\t<meta name=\"twitter:data1\" content=\"1 minut\" \/>\n<script type=\"application\/ld+json\" class=\"yoast-schema-graph\">{\"@context\":\"https:\\\/\\\/schema.org\",\"@graph\":[{\"@type\":\"WebPage\",\"@id\":\"https:\\\/\\\/ringstedkoret.dk\\\/index.php\\\/nodeark-til-moed-mig-paa-cassiopeia\\\/\",\"url\":\"https:\\\/\\\/ringstedkoret.dk\\\/index.php\\\/nodeark-til-moed-mig-paa-cassiopeia\\\/\",\"name\":\"Nodeark til M\u00f8d mig p\u00e5 Cassiopeia - Ringstedkoret\",\"isPartOf\":{\"@id\":\"https:\\\/\\\/ringstedkoret.dk\\\/#website\"},\"datePublished\":\"2020-07-09T14:08:05+00:00\",\"dateModified\":\"2023-02-06T17:06:06+00:00\",\"breadcrumb\":{\"@id\":\"https:\\\/\\\/ringstedkoret.dk\\\/index.php\\\/nodeark-til-moed-mig-paa-cassiopeia\\\/#breadcrumb\"},\"inLanguage\":\"da-DK\",\"potentialAction\":[{\"@type\":\"ReadAction\",\"target\":[\"https:\\\/\\\/ringstedkoret.dk\\\/index.php\\\/nodeark-til-moed-mig-paa-cassiopeia\\\/\"]}]},{\"@type\":\"BreadcrumbList\",\"@id\":\"https:\\\/\\\/ringstedkoret.dk\\\/index.php\\\/nodeark-til-moed-mig-paa-cassiopeia\\\/#breadcrumb\",\"itemListElement\":[{\"@type\":\"ListItem\",\"position\":1,\"name\":\"Hjem\",\"item\":\"https:\\\/\\\/ringstedkoret.dk\\\/\"},{\"@type\":\"ListItem\",\"position\":2,\"name\":\"Nodeark til M\u00f8d mig p\u00e5 Cassiopeia\"}]},{\"@type\":\"WebSite\",\"@id\":\"https:\\\/\\\/ringstedkoret.dk\\\/#website\",\"url\":\"https:\\\/\\\/ringstedkoret.dk\\\/\",\"name\":\"Ringstedkoret\",\"description\":\"\",\"publisher\":{\"@id\":\"https:\\\/\\\/ringstedkoret.dk\\\/#organization\"},\"potentialAction\":[{\"@type\":\"SearchAction\",\"target\":{\"@type\":\"EntryPoint\",\"urlTemplate\":\"https:\\\/\\\/ringstedkoret.dk\\\/?s={search_term_string}\"},\"query-input\":{\"@type\":\"PropertyValueSpecification\",\"valueRequired\":true,\"valueName\":\"search_term_string\"}}],\"inLanguage\":\"da-DK\"},{\"@type\":\"Organization\",\"@id\":\"https:\\\/\\\/ringstedkoret.dk\\\/#organization\",\"name\":\"Ringstedkoret\",\"url\":\"https:\\\/\\\/ringstedkoret.dk\\\/\",\"logo\":{\"@type\":\"ImageObject\",\"inLanguage\":\"da-DK\",\"@id\":\"https:\\\/\\\/ringstedkoret.dk\\\/#\\\/schema\\\/logo\\\/image\\\/\",\"url\":\"https:\\\/\\\/ringstedkoret.dk\\\/wp-content\\\/uploads\\\/ikoner\\\/Logo-nyt.jpg\",\"contentUrl\":\"https:\\\/\\\/ringstedkoret.dk\\\/wp-content\\\/uploads\\\/ikoner\\\/Logo-nyt.jpg\",\"width\":203,\"height\":200,\"caption\":\"Ringstedkoret\"},\"image\":{\"@id\":\"https:\\\/\\\/ringstedkoret.dk\\\/#\\\/schema\\\/logo\\\/image\\\/\"}}]}<\/script>\n<!-- \/ Yoast SEO plugin. -->","yoast_head_json":{"title":"Nodeark til M\u00f8d mig p\u00e5 Cassiopeia - Ringstedkoret","robots":{"index":"index","follow":"follow","max-snippet":"max-snippet:-1","max-image-preview":"max-image-preview:large","max-video-preview":"max-video-preview:-1"},"canonical":"https:\/\/ringstedkoret.dk\/index.php\/nodeark-til-moed-mig-paa-cassiopeia\/","og_locale":"da_DK","og_type":"article","og_title":"Nodeark til M\u00f8d mig p\u00e5 Cassiopeia - Ringstedkoret","og_description":"Korets h\u00e6fte &#8216;M\u00f8d mig p\u00e5 Cassiopeia&#8217; er lidt sv\u00e6rt l\u00e6seligt, fordi det er h\u00e5ndskrevet. Ulla Gerber Holm (tidligere kormedlem) redigerede i 2018 noderne til bas og sopran af melodierne til &#8216;M\u00f8d mig p\u00e5 Cassiopeia&#8217;. Ullas nodeark finder du nedenfor. Bem\u00e6rk, at den eneste 2. sopran-stemme er til Musens sang,","og_url":"https:\/\/ringstedkoret.dk\/index.php\/nodeark-til-moed-mig-paa-cassiopeia\/","og_site_name":"Ringstedkoret","article_modified_time":"2023-02-06T17:06:06+00:00","twitter_card":"summary_large_image","twitter_misc":{"Estimeret l\u00e6setid":"1 minut"},"schema":{"@context":"https:\/\/schema.org","@graph":[{"@type":"WebPage","@id":"https:\/\/ringstedkoret.dk\/index.php\/nodeark-til-moed-mig-paa-cassiopeia\/","url":"https:\/\/ringstedkoret.dk\/index.php\/nodeark-til-moed-mig-paa-cassiopeia\/","name":"Nodeark til M\u00f8d mig p\u00e5 Cassiopeia - Ringstedkoret","isPartOf":{"@id":"https:\/\/ringstedkoret.dk\/#website"},"datePublished":"2020-07-09T14:08:05+00:00","dateModified":"2023-02-06T17:06:06+00:00","breadcrumb":{"@id":"https:\/\/ringstedkoret.dk\/index.php\/nodeark-til-moed-mig-paa-cassiopeia\/#breadcrumb"},"inLanguage":"da-DK","potentialAction":[{"@type":"ReadAction","target":["https:\/\/ringstedkoret.dk\/index.php\/nodeark-til-moed-mig-paa-cassiopeia\/"]}]},{"@type":"BreadcrumbList","@id":"https:\/\/ringstedkoret.dk\/index.php\/nodeark-til-moed-mig-paa-cassiopeia\/#breadcrumb","itemListElement":[{"@type":"ListItem","position":1,"name":"Hjem","item":"https:\/\/ringstedkoret.dk\/"},{"@type":"ListItem","position":2,"name":"Nodeark til M\u00f8d mig p\u00e5 Cassiopeia"}]},{"@type":"WebSite","@id":"https:\/\/ringstedkoret.dk\/#website","url":"https:\/\/ringstedkoret.dk\/","name":"Ringstedkoret","description":"","publisher":{"@id":"https:\/\/ringstedkoret.dk\/#organization"},"potentialAction":[{"@type":"SearchAction","target":{"@type":"EntryPoint","urlTemplate":"https:\/\/ringstedkoret.dk\/?s={search_term_string}"},"query-input":{"@type":"PropertyValueSpecification","valueRequired":true,"valueName":"search_term_string"}}],"inLanguage":"da-DK"},{"@type":"Organization","@id":"https:\/\/ringstedkoret.dk\/#organization","name":"Ringstedkoret","url":"https:\/\/ringstedkoret.dk\/","logo":{"@type":"ImageObject","inLanguage":"da-DK","@id":"https:\/\/ringstedkoret.dk\/#\/schema\/logo\/image\/","url":"https:\/\/ringstedkoret.dk\/wp-content\/uploads\/ikoner\/Logo-nyt.jpg","contentUrl":"https:\/\/ringstedkoret.dk\/wp-content\/uploads\/ikoner\/Logo-nyt.jpg","width":203,"height":200,"caption":"Ringstedkoret"},"image":{"@id":"https:\/\/ringstedkoret.dk\/#\/schema\/logo\/image\/"}}]}},"_links":{"self":[{"href":"https:\/\/ringstedkoret.dk\/index.php\/wp-json\/wp\/v2\/pages\/4355","targetHints":{"allow":["GET"]}}],"collection":[{"href":"https:\/\/ringstedkoret.dk\/index.php\/wp-json\/wp\/v2\/pages"}],"about":[{"href":"https:\/\/ringstedkoret.dk\/index.php\/wp-json\/wp\/v2\/types\/page"}],"author":[{"embeddable":true,"href":"https:\/\/ringstedkoret.dk\/index.php\/wp-json\/wp\/v2\/users\/3"}],"replies":[{"embeddable":true,"href":"https:\/\/ringstedkoret.dk\/index.php\/wp-json\/wp\/v2\/comments?post=4355"}],"version-history":[{"count":7,"href":"https:\/\/ringstedkoret.dk\/index.php\/wp-json\/wp\/v2\/pages\/4355\/revisions"}],"predecessor-version":[{"id":12139,"href":"https:\/\/ringstedkoret.dk\/index.php\/wp-json\/wp\/v2\/pages\/4355\/revisions\/12139"}],"wp:attachment":[{"href":"https:\/\/ringstedkoret.dk\/index.php\/wp-json\/wp\/v2\/media?parent=4355"}],"curies":[{"name":"wp","href":"https:\/\/api.w.org\/{rel}","templated":true}]}}