{"id":7779,"date":"2021-02-25T06:27:57","date_gmt":"2021-02-25T05:27:57","guid":{"rendered":"https:\/\/ringstedkoret.dk\/?page_id=7779"},"modified":"2025-12-28T15:59:15","modified_gmt":"2025-12-28T14:59:15","slug":"koncertprogrammer","status":"publish","type":"page","link":"https:\/\/ringstedkoret.dk\/index.php\/koncertprogrammer\/","title":{"rendered":"Koncertprogrammer"},"content":{"rendered":"\n<p>Her er plakat- og koncertprogrammer fra Ringstedkorets koncerter med blandet repertoire fra de senere \u00e5r.<\/p>\n\n\n\n<p>Temakoncerter &#8211; koncerter med et enkelt v\u00e6rk p\u00e5 programmet &#8211; er kun vist en plakat.<\/p>\n\n\n\n<h5 class=\"wp-block-heading\"> 2025:<\/h5>\n\n\n<a href=\"https:\/\/ringstedkoret.dk\/wp-content\/uploads\/plakater\/Plakat-kom-i-Julestemning.pdf\" class=\"pdfemb-viewer\" style=\"\" data-width=\"max\" data-height=\"max\" data-toolbar=\"top\" data-toolbar-fixed=\"on\">Plakat-kom-i-Julestemning<\/a>\n\n<a href=\"https:\/\/ringstedkoret.dk\/wp-content\/uploads\/koncertprogrammer\/2025\/julekoncert2025_program.pdf\" class=\"pdfemb-viewer\" style=\"\" data-width=\"max\" data-height=\"max\" data-toolbar=\"top\" data-toolbar-fixed=\"on\">julekoncert2025_program<\/a>\n\n<a href=\"https:\/\/ringstedkoret.dk\/wp-content\/uploads\/plakater\/sommerkoncert2025_plakat.pdf\" class=\"pdfemb-viewer\" style=\"\" data-width=\"max\" data-height=\"max\" data-toolbar=\"top\" data-toolbar-fixed=\"on\">sommerkoncert2025_plakat<\/a>\n\n\n<h5 class=\"wp-block-heading\">2024:<br><\/h5>\n\n\n<a href=\"https:\/\/ringstedkoret.dk\/wp-content\/uploads\/plakater\/plakat_Missa-Brevis_nov-2024.pdf\" class=\"pdfemb-viewer\" style=\"\" data-width=\"max\" data-height=\"max\" data-toolbar=\"none\" data-toolbar-fixed=\"on\">plakat_Missa-Brevis_nov-2024<\/a>\n\n\n<div style=\"height:40px\" aria-hidden=\"true\" class=\"wp-block-spacer\"><\/div>\n\n\n\n<h5 class=\"wp-block-heading\">Program til &#8216;Barok til Rock III&#8217;, 2 sider<br><\/h5>\n\n\n<a href=\"https:\/\/ringstedkoret.dk\/wp-content\/uploads\/2024\/11\/koncertprogram-2024-17nov-begge-sider-1.pdf\" class=\"pdfemb-viewer\" style=\"\" data-width=\"max\" data-height=\"max\" data-toolbar=\"top\" data-toolbar-fixed=\"on\">koncertprogram-2024-17nov-begge-sider-1<\/a>\n\n\n<div style=\"height:40px\" aria-hidden=\"true\" class=\"wp-block-spacer\"><\/div>\n\n\n\n<h5 class=\"wp-block-heading\">Sommerkoncert i Klostermarkskirken d. 16. juni 2024<br><\/h5>\n\n\n<a href=\"https:\/\/ringstedkoret.dk\/wp-content\/uploads\/2024\/12\/sommerkoncert2024_plakat.pdf\" class=\"pdfemb-viewer\" style=\"\" data-width=\"max\" data-height=\"max\" data-toolbar=\"none\" data-toolbar-fixed=\"on\">sommerkoncert2024_plakat<\/a>\n\n\n<div style=\"height:40px\" aria-hidden=\"true\" class=\"wp-block-spacer\"><\/div>\n\n\n\n<h5 class=\"wp-block-heading\">Program til sommerkoncerten 2024<\/h5>\n\n\n<a href=\"https:\/\/ringstedkoret.dk\/wp-content\/uploads\/2024\/12\/sommerkoncert2024_program.pdf\" class=\"pdfemb-viewer\" style=\"width:600px;height:850px;\" data-width=\"600\" data-height=\"850\" data-toolbar=\"none\" data-toolbar-fixed=\"on\">sommerkoncert2024_program<\/a>\n\n\n<h4 class=\"wp-block-heading\">2023:<\/h4>\n\n\n<a href=\"https:\/\/ringstedkoret.dk\/wp-content\/uploads\/plakater\/plakat-gloria-ny-2023.pdf\" class=\"pdfemb-viewer\" style=\"\" data-width=\"max\" data-height=\"max\" data-toolbar=\"none\" data-toolbar-fixed=\"on\">plakat-gloria-ny-2023<\/a>\n\n\n<div style=\"height:40px\" aria-hidden=\"true\" class=\"wp-block-spacer\"><\/div>\n\n\n<a href=\"https:\/\/ringstedkoret.dk\/wp-content\/uploads\/koncertprogrammer\/2023\/Program-2023-12nov-tekstmidten.pdf\" class=\"pdfemb-viewer\" style=\"\" data-width=\"max\" data-height=\"max\" data-toolbar=\"none\" data-toolbar-fixed=\"on\">Program-2023-12nov-tekstmidten<\/a>\n\n\n<div style=\"height:40px\" aria-hidden=\"true\" class=\"wp-block-spacer\"><\/div>\n\n\n<a href=\"https:\/\/ringstedkoret.dk\/wp-content\/uploads\/koncertprogrammer\/2023\/Program-2023-12nov-forside.pdf\" class=\"pdfemb-viewer\" style=\"\" data-width=\"max\" data-height=\"max\" data-toolbar=\"none\" data-toolbar-fixed=\"on\">Program-2023-12nov-forside<\/a>\n\n\n<div style=\"height:40px\" aria-hidden=\"true\" class=\"wp-block-spacer\"><\/div>\n\n\n<a href=\"https:\/\/ringstedkoret.dk\/wp-content\/uploads\/koncertprogrammer\/2023\/sommerkoncert2023_program.pdf\" class=\"pdfemb-viewer\" style=\"\" data-width=\"max\" data-height=\"max\" data-toolbar=\"none\" data-toolbar-fixed=\"on\">sommerkoncert2023_program<\/a>\n\n\n<h5 class=\"wp-block-heading\">2022:<\/h5>\n\n\n<a href=\"https:\/\/ringstedkoret.dk\/wp-content\/uploads\/plakater\/plakat_magnificat.pdf\" class=\"pdfemb-viewer\" style=\"\" data-width=\"max\" data-height=\"max\" data-toolbar=\"top\" data-toolbar-fixed=\"on\">plakat_magnificat<\/a>\n\n<a href=\"https:\/\/ringstedkoret.dk\/wp-content\/uploads\/koncertprogrammer\/2022\/Program-kbn_12nov2022.pdf\" class=\"pdfemb-viewer\" style=\"\" data-width=\"max\" data-height=\"max\" data-toolbar=\"top\" data-toolbar-fixed=\"on\">Program-kbn_12nov2022<\/a>\n\n<a href=\"https:\/\/ringstedkoret.dk\/wp-content\/uploads\/koncertprogrammer\/2022\/koncertprogram_26-06-22.pdf\" class=\"pdfemb-viewer\" style=\"\" data-width=\"max\" data-height=\"max\" data-toolbar=\"none\" data-toolbar-fixed=\"on\">koncertprogram_26-06-22<\/a>\n<p class=\"wp-block-pdfemb-pdf-embedder-viewer\"><\/p>\n\n\n\n<h5 class=\"wp-block-heading\">2021:<\/h5>\n\n\n<a href=\"https:\/\/ringstedkoret.dk\/wp-content\/uploads\/koncertprogrammer\/2021\/repertoire_julekoncert_05-12-2021.pdf\" class=\"pdfemb-viewer\" style=\"\" data-width=\"max\" data-height=\"max\" data-toolbar=\"none\" data-toolbar-fixed=\"on\">repertoire_julekoncert_05-12-2021<\/a>\n<p class=\"wp-block-pdfemb-pdf-embedder-viewer\"><\/p>\n\n\n\n<div style=\"height:40px\" aria-hidden=\"true\" class=\"wp-block-spacer\"><\/div>\n\n\n<a href=\"https:\/\/ringstedkoret.dk\/wp-content\/uploads\/koncertprogrammer\/2021\/repertoire_20-06-2021.pdf\" class=\"pdfemb-viewer\" style=\"\" data-width=\"max\" data-height=\"max\" data-toolbar=\"none\" data-toolbar-fixed=\"on\">repertoire_20-06-2021<\/a>\n<p class=\"wp-block-pdfemb-pdf-embedder-viewer\"><\/p>\n\n\n\n<h5 class=\"wp-block-heading\">2020:<\/h5>\n\n\n\n<p>Ingen koncerter pga Corona<\/p>\n\n\n\n<h5 class=\"wp-block-heading\">2019:<\/h5>\n\n\n\n<p><a href=\"http:\/\/ringstedkoret.dk\/wp-content\/uploads\/koncertprogrammer\/2019\/Repertoire-6juni_2019.pdf\" target=\"_blank\" rel=\"noreferrer noopener nofollow\">Sommerkoncert i Klostermarkskirken d. 6. juni 2019<\/a><\/p>\n\n\n\n<p><a href=\"http:\/\/ringstedkoret.dk\/wp-content\/uploads\/koncertprogrammer\/2019\/Repertoire-26sep_2019.pdf\" target=\"_blank\" rel=\"noreferrer noopener nofollow\">Koncert i Fjenneslev Kirke d. 26. sept. 2019<\/a><\/p>\n\n\n\n<p><a href=\"http:\/\/ringstedkoret.dk\/wp-content\/uploads\/koncertprogrammer\/2019\/Julekoncert-17-dec_2019.pdf\" target=\"_blank\" rel=\"noreferrer noopener nofollow\">Julekoncert i Vigersted Kirke d. 17. dec. 2019<\/a><\/p>\n\n\n\n<p><\/p>\n\n\n\n<p><\/p>\n","protected":false},"excerpt":{"rendered":"<p>Her er plakat- og koncertprogrammer fra Ringstedkorets koncerter med blandet repertoire fra de senere \u00e5r. Temakoncerter &#8211; koncerter med et enkelt v\u00e6rk p\u00e5 programmet &#8211; er kun vist en plakat. 2025: 2024: Program til &#8216;Barok til Rock III&#8217;, 2 sider Sommerkoncert i Klostermarkskirken d. 16. juni 2024 Program til sommerkoncerten 2024 2023: 2022: 2021: 2020: [&hellip;]<\/p>\n","protected":false},"author":3,"featured_media":0,"parent":0,"menu_order":0,"comment_status":"closed","ping_status":"closed","template":"","meta":{"footnotes":""},"class_list":["post-7779","page","type-page","status-publish","czr-hentry"],"featured_image_urls_v2":{"full":"","thumbnail":"","medium":"","medium_large":"","large":"","1536x1536":"","2048x2048":"","tc-grid-full":"","tc-grid":"","tc-thumb":"","slider-full":"","slider":"","tc-sq-thumb":"","tc-ws-thumb":"","tc-ws-small-thumb":"","tc-slider-small":""},"post_excerpt_stackable_v2":"<p>Her er plakat- og koncertprogrammer fra Ringstedkorets koncerter med blandet repertoire fra de senere \u00e5r. Temakoncerter &#8211; koncerter med et enkelt v\u00e6rk p\u00e5 programmet &#8211; er kun vist en plakat. 2025: Plakat-kom-i-Julestemning julekoncert2025_program sommerkoncert2025_plakat 2024: plakat_Missa-Brevis_nov-2024 Program til &#8216;Barok til Rock III&#8217;, 2 sider koncertprogram-2024-17nov-begge-sider-1 Sommerkoncert i Klostermarkskirken d. 16. juni 2024 sommerkoncert2024_plakat Program til sommerkoncerten 2024 sommerkoncert2024_program 2023: plakat-gloria-ny-2023 Program-2023-12nov-tekstmidten Program-2023-12nov-forside sommerkoncert2023_program 2022: plakat_magnificat Program-kbn_12nov2022 koncertprogram_26-06-22 2021: repertoire_julekoncert_05-12-2021 repertoire_20-06-2021 2020: Ingen koncerter pga Corona 2019: Sommerkoncert i Klostermarkskirken d. 6. juni 2019 Koncert i Fjenneslev Kirke d. 26. sept. 2019 Julekoncert i Vigersted Kirke d. 17. dec. 2019<\/p>\n","category_list_v2":"","author_info_v2":{"name":"Rita","url":"https:\/\/ringstedkoret.dk\/index.php\/author\/rita\/"},"comments_num_v2":"0 comments","yoast_head":"<!-- This site is optimized with the Yoast SEO plugin v27.5 - https:\/\/yoast.com\/product\/yoast-seo-wordpress\/ -->\n<title>Koncertprogrammer - Ringstedkoret<\/title>\n<meta name=\"robots\" content=\"index, follow, max-snippet:-1, max-image-preview:large, max-video-preview:-1\" \/>\n<link rel=\"canonical\" href=\"https:\/\/ringstedkoret.dk\/index.php\/koncertprogrammer\/\" \/>\n<meta property=\"og:locale\" content=\"da_DK\" \/>\n<meta property=\"og:type\" content=\"article\" \/>\n<meta property=\"og:title\" content=\"Koncertprogrammer - Ringstedkoret\" \/>\n<meta property=\"og:description\" content=\"Her er plakat- og koncertprogrammer fra Ringstedkorets koncerter med blandet repertoire fra de senere \u00e5r. Temakoncerter &#8211; koncerter med et enkelt v\u00e6rk p\u00e5 programmet &#8211; er kun vist en plakat. 2025: 2024: Program til &#8216;Barok til Rock III&#8217;, 2 sider Sommerkoncert i Klostermarkskirken d. 16. juni 2024 Program til sommerkoncerten 2024 2023: 2022: 2021: 2020: [&hellip;]\" \/>\n<meta property=\"og:url\" content=\"https:\/\/ringstedkoret.dk\/index.php\/koncertprogrammer\/\" \/>\n<meta property=\"og:site_name\" content=\"Ringstedkoret\" \/>\n<meta property=\"article:modified_time\" content=\"2025-12-28T14:59:15+00:00\" \/>\n<meta name=\"twitter:card\" content=\"summary_large_image\" \/>\n<meta name=\"twitter:label1\" content=\"Estimeret l\u00e6setid\" \/>\n\t<meta name=\"twitter:data1\" content=\"1 minut\" \/>\n<script type=\"application\/ld+json\" class=\"yoast-schema-graph\">{\"@context\":\"https:\\\/\\\/schema.org\",\"@graph\":[{\"@type\":\"WebPage\",\"@id\":\"https:\\\/\\\/ringstedkoret.dk\\\/index.php\\\/koncertprogrammer\\\/\",\"url\":\"https:\\\/\\\/ringstedkoret.dk\\\/index.php\\\/koncertprogrammer\\\/\",\"name\":\"Koncertprogrammer - Ringstedkoret\",\"isPartOf\":{\"@id\":\"https:\\\/\\\/ringstedkoret.dk\\\/#website\"},\"datePublished\":\"2021-02-25T05:27:57+00:00\",\"dateModified\":\"2025-12-28T14:59:15+00:00\",\"breadcrumb\":{\"@id\":\"https:\\\/\\\/ringstedkoret.dk\\\/index.php\\\/koncertprogrammer\\\/#breadcrumb\"},\"inLanguage\":\"da-DK\",\"potentialAction\":[{\"@type\":\"ReadAction\",\"target\":[\"https:\\\/\\\/ringstedkoret.dk\\\/index.php\\\/koncertprogrammer\\\/\"]}]},{\"@type\":\"BreadcrumbList\",\"@id\":\"https:\\\/\\\/ringstedkoret.dk\\\/index.php\\\/koncertprogrammer\\\/#breadcrumb\",\"itemListElement\":[{\"@type\":\"ListItem\",\"position\":1,\"name\":\"Hjem\",\"item\":\"https:\\\/\\\/ringstedkoret.dk\\\/\"},{\"@type\":\"ListItem\",\"position\":2,\"name\":\"Koncertprogrammer\"}]},{\"@type\":\"WebSite\",\"@id\":\"https:\\\/\\\/ringstedkoret.dk\\\/#website\",\"url\":\"https:\\\/\\\/ringstedkoret.dk\\\/\",\"name\":\"Ringstedkoret\",\"description\":\"\",\"publisher\":{\"@id\":\"https:\\\/\\\/ringstedkoret.dk\\\/#organization\"},\"potentialAction\":[{\"@type\":\"SearchAction\",\"target\":{\"@type\":\"EntryPoint\",\"urlTemplate\":\"https:\\\/\\\/ringstedkoret.dk\\\/?s={search_term_string}\"},\"query-input\":{\"@type\":\"PropertyValueSpecification\",\"valueRequired\":true,\"valueName\":\"search_term_string\"}}],\"inLanguage\":\"da-DK\"},{\"@type\":\"Organization\",\"@id\":\"https:\\\/\\\/ringstedkoret.dk\\\/#organization\",\"name\":\"Ringstedkoret\",\"url\":\"https:\\\/\\\/ringstedkoret.dk\\\/\",\"logo\":{\"@type\":\"ImageObject\",\"inLanguage\":\"da-DK\",\"@id\":\"https:\\\/\\\/ringstedkoret.dk\\\/#\\\/schema\\\/logo\\\/image\\\/\",\"url\":\"https:\\\/\\\/ringstedkoret.dk\\\/wp-content\\\/uploads\\\/ikoner\\\/Logo-nyt.jpg\",\"contentUrl\":\"https:\\\/\\\/ringstedkoret.dk\\\/wp-content\\\/uploads\\\/ikoner\\\/Logo-nyt.jpg\",\"width\":203,\"height\":200,\"caption\":\"Ringstedkoret\"},\"image\":{\"@id\":\"https:\\\/\\\/ringstedkoret.dk\\\/#\\\/schema\\\/logo\\\/image\\\/\"}}]}<\/script>\n<!-- \/ Yoast SEO plugin. -->","yoast_head_json":{"title":"Koncertprogrammer - Ringstedkoret","robots":{"index":"index","follow":"follow","max-snippet":"max-snippet:-1","max-image-preview":"max-image-preview:large","max-video-preview":"max-video-preview:-1"},"canonical":"https:\/\/ringstedkoret.dk\/index.php\/koncertprogrammer\/","og_locale":"da_DK","og_type":"article","og_title":"Koncertprogrammer - Ringstedkoret","og_description":"Her er plakat- og koncertprogrammer fra Ringstedkorets koncerter med blandet repertoire fra de senere \u00e5r. Temakoncerter &#8211; koncerter med et enkelt v\u00e6rk p\u00e5 programmet &#8211; er kun vist en plakat. 2025: 2024: Program til &#8216;Barok til Rock III&#8217;, 2 sider Sommerkoncert i Klostermarkskirken d. 16. juni 2024 Program til sommerkoncerten 2024 2023: 2022: 2021: 2020: [&hellip;]","og_url":"https:\/\/ringstedkoret.dk\/index.php\/koncertprogrammer\/","og_site_name":"Ringstedkoret","article_modified_time":"2025-12-28T14:59:15+00:00","twitter_card":"summary_large_image","twitter_misc":{"Estimeret l\u00e6setid":"1 minut"},"schema":{"@context":"https:\/\/schema.org","@graph":[{"@type":"WebPage","@id":"https:\/\/ringstedkoret.dk\/index.php\/koncertprogrammer\/","url":"https:\/\/ringstedkoret.dk\/index.php\/koncertprogrammer\/","name":"Koncertprogrammer - Ringstedkoret","isPartOf":{"@id":"https:\/\/ringstedkoret.dk\/#website"},"datePublished":"2021-02-25T05:27:57+00:00","dateModified":"2025-12-28T14:59:15+00:00","breadcrumb":{"@id":"https:\/\/ringstedkoret.dk\/index.php\/koncertprogrammer\/#breadcrumb"},"inLanguage":"da-DK","potentialAction":[{"@type":"ReadAction","target":["https:\/\/ringstedkoret.dk\/index.php\/koncertprogrammer\/"]}]},{"@type":"BreadcrumbList","@id":"https:\/\/ringstedkoret.dk\/index.php\/koncertprogrammer\/#breadcrumb","itemListElement":[{"@type":"ListItem","position":1,"name":"Hjem","item":"https:\/\/ringstedkoret.dk\/"},{"@type":"ListItem","position":2,"name":"Koncertprogrammer"}]},{"@type":"WebSite","@id":"https:\/\/ringstedkoret.dk\/#website","url":"https:\/\/ringstedkoret.dk\/","name":"Ringstedkoret","description":"","publisher":{"@id":"https:\/\/ringstedkoret.dk\/#organization"},"potentialAction":[{"@type":"SearchAction","target":{"@type":"EntryPoint","urlTemplate":"https:\/\/ringstedkoret.dk\/?s={search_term_string}"},"query-input":{"@type":"PropertyValueSpecification","valueRequired":true,"valueName":"search_term_string"}}],"inLanguage":"da-DK"},{"@type":"Organization","@id":"https:\/\/ringstedkoret.dk\/#organization","name":"Ringstedkoret","url":"https:\/\/ringstedkoret.dk\/","logo":{"@type":"ImageObject","inLanguage":"da-DK","@id":"https:\/\/ringstedkoret.dk\/#\/schema\/logo\/image\/","url":"https:\/\/ringstedkoret.dk\/wp-content\/uploads\/ikoner\/Logo-nyt.jpg","contentUrl":"https:\/\/ringstedkoret.dk\/wp-content\/uploads\/ikoner\/Logo-nyt.jpg","width":203,"height":200,"caption":"Ringstedkoret"},"image":{"@id":"https:\/\/ringstedkoret.dk\/#\/schema\/logo\/image\/"}}]}},"_links":{"self":[{"href":"https:\/\/ringstedkoret.dk\/index.php\/wp-json\/wp\/v2\/pages\/7779","targetHints":{"allow":["GET"]}}],"collection":[{"href":"https:\/\/ringstedkoret.dk\/index.php\/wp-json\/wp\/v2\/pages"}],"about":[{"href":"https:\/\/ringstedkoret.dk\/index.php\/wp-json\/wp\/v2\/types\/page"}],"author":[{"embeddable":true,"href":"https:\/\/ringstedkoret.dk\/index.php\/wp-json\/wp\/v2\/users\/3"}],"replies":[{"embeddable":true,"href":"https:\/\/ringstedkoret.dk\/index.php\/wp-json\/wp\/v2\/comments?post=7779"}],"version-history":[{"count":79,"href":"https:\/\/ringstedkoret.dk\/index.php\/wp-json\/wp\/v2\/pages\/7779\/revisions"}],"predecessor-version":[{"id":19450,"href":"https:\/\/ringstedkoret.dk\/index.php\/wp-json\/wp\/v2\/pages\/7779\/revisions\/19450"}],"wp:attachment":[{"href":"https:\/\/ringstedkoret.dk\/index.php\/wp-json\/wp\/v2\/media?parent=7779"}],"curies":[{"name":"wp","href":"https:\/\/api.w.org\/{rel}","templated":true}]}}