{"id":9503,"date":"2021-11-17T20:56:43","date_gmt":"2021-11-17T19:56:43","guid":{"rendered":"https:\/\/ringstedkoret.dk\/?page_id=9503"},"modified":"2021-11-19T23:43:45","modified_gmt":"2021-11-19T22:43:45","slug":"koncert-i-helligaandskirken-soendag-den-14-november-2021","status":"publish","type":"page","link":"https:\/\/ringstedkoret.dk\/index.php\/koncert-i-helligaandskirken-soendag-den-14-november-2021\/","title":{"rendered":"Koncert i Helligaandskirken s\u00f8ndag den 14. november 2021"},"content":{"rendered":"\n<p>Ringstedkoret medvirkede i opf\u00f8relsen af <strong>G. Rossini: Petite Messe solennelle <\/strong>s\u00f8ndag den 14. november 2021. Koncerten blev dirigeret af Niels Borksand.<\/p>\n\n\n\n<p>Her er et par indtryk fra koncerten (fotos: Mikael Trasbo).<\/p>\n\n\n\n<p>Solisterne Julia Bielefeld, sopran, og Elisabeth Hanke, alt<\/p>\n\n\n\n<figure class=\"wp-block-image alignfull size-large\"><img loading=\"lazy\" decoding=\"async\" width=\"768\" height=\"1024\" src=\"https:\/\/ringstedkoret.dk\/wp-content\/uploads\/billeder_diverse\/koncertbilleder\/petitemesse3_14-11-2021-768x1024.jpeg\" alt=\"\" class=\"wp-image-9507\" srcset=\"https:\/\/ringstedkoret.dk\/wp-content\/uploads\/billeder_diverse\/koncertbilleder\/petitemesse3_14-11-2021-768x1024.jpeg 768w, https:\/\/ringstedkoret.dk\/wp-content\/uploads\/billeder_diverse\/koncertbilleder\/petitemesse3_14-11-2021-225x300.jpeg 225w, https:\/\/ringstedkoret.dk\/wp-content\/uploads\/billeder_diverse\/koncertbilleder\/petitemesse3_14-11-2021.jpeg 1024w\" sizes=\"auto, (max-width: 768px) 100vw, 768px\" \/><\/figure>\n\n\n\n<p>Alle fire solister &#8211; fra venstre: Julia Bielefeld, sopran, Elisabeth Hanke, alt, Stig Fog Andersen, tenor, Lars Fosser, bas.<\/p>\n\n\n\n<figure class=\"wp-block-image size-full\"><img loading=\"lazy\" decoding=\"async\" width=\"1024\" height=\"683\" src=\"https:\/\/ringstedkoret.dk\/wp-content\/uploads\/billeder_diverse\/koncertbilleder\/petitemesse5_14-11-2021.jpeg\" alt=\"\" class=\"wp-image-9527\" srcset=\"https:\/\/ringstedkoret.dk\/wp-content\/uploads\/billeder_diverse\/koncertbilleder\/petitemesse5_14-11-2021.jpeg 1024w, https:\/\/ringstedkoret.dk\/wp-content\/uploads\/billeder_diverse\/koncertbilleder\/petitemesse5_14-11-2021-300x200.jpeg 300w, https:\/\/ringstedkoret.dk\/wp-content\/uploads\/billeder_diverse\/koncertbilleder\/petitemesse5_14-11-2021-768x512.jpeg 768w\" sizes=\"auto, (max-width: 1024px) 100vw, 1024px\" \/><\/figure>\n\n\n\n<p>Det ca. 70 mand store koncertkor i aktion<\/p>\n\n\n\n<p><\/p>\n\n\n\n<figure class=\"wp-block-gallery columns-2 is-cropped wp-block-gallery-1 is-layout-flex wp-block-gallery-is-layout-flex\"><ul class=\"blocks-gallery-grid\"><li class=\"blocks-gallery-item\"><figure><img loading=\"lazy\" decoding=\"async\" width=\"1021\" height=\"766\" src=\"https:\/\/ringstedkoret.dk\/wp-content\/uploads\/billeder_diverse\/koncertbilleder\/petitemesse4_14-11-2021.jpeg\" alt=\"\" data-id=\"9508\" data-full-url=\"https:\/\/ringstedkoret.dk\/wp-content\/uploads\/billeder_diverse\/koncertbilleder\/petitemesse4_14-11-2021.jpeg\" data-link=\"https:\/\/ringstedkoret.dk\/petitemesse4_14-11-2021\/\" class=\"wp-image-9508\" srcset=\"https:\/\/ringstedkoret.dk\/wp-content\/uploads\/billeder_diverse\/koncertbilleder\/petitemesse4_14-11-2021.jpeg 1021w, https:\/\/ringstedkoret.dk\/wp-content\/uploads\/billeder_diverse\/koncertbilleder\/petitemesse4_14-11-2021-300x225.jpeg 300w, https:\/\/ringstedkoret.dk\/wp-content\/uploads\/billeder_diverse\/koncertbilleder\/petitemesse4_14-11-2021-768x576.jpeg 768w\" sizes=\"auto, (max-width: 1021px) 100vw, 1021px\" \/><\/figure><\/li><li class=\"blocks-gallery-item\"><figure><img loading=\"lazy\" decoding=\"async\" width=\"768\" height=\"1024\" src=\"https:\/\/ringstedkoret.dk\/wp-content\/uploads\/billeder_diverse\/koncertbilleder\/petitemesse_14-11-2021-768x1024.jpeg\" alt=\"\" data-id=\"9505\" data-full-url=\"https:\/\/ringstedkoret.dk\/wp-content\/uploads\/billeder_diverse\/koncertbilleder\/petitemesse_14-11-2021.jpeg\" data-link=\"https:\/\/ringstedkoret.dk\/petitemesse_14-11-2021\/\" class=\"wp-image-9505\" srcset=\"https:\/\/ringstedkoret.dk\/wp-content\/uploads\/billeder_diverse\/koncertbilleder\/petitemesse_14-11-2021-768x1024.jpeg 768w, https:\/\/ringstedkoret.dk\/wp-content\/uploads\/billeder_diverse\/koncertbilleder\/petitemesse_14-11-2021-225x300.jpeg 225w, https:\/\/ringstedkoret.dk\/wp-content\/uploads\/billeder_diverse\/koncertbilleder\/petitemesse_14-11-2021.jpeg 1024w\" sizes=\"auto, (max-width: 768px) 100vw, 768px\" \/><\/figure><\/li><\/ul><\/figure>\n\n\n\n<p>De smukke rammer for koncerten &#8211; et kig ind i Helligaandskirken<\/p>\n\n\n\n<figure class=\"wp-block-image size-large\"><img loading=\"lazy\" decoding=\"async\" width=\"768\" height=\"1024\" src=\"https:\/\/ringstedkoret.dk\/wp-content\/uploads\/billeder_diverse\/koncertbilleder\/petitemesse2_14-11-2021-768x1024.jpeg\" alt=\"\" class=\"wp-image-9506\" srcset=\"https:\/\/ringstedkoret.dk\/wp-content\/uploads\/billeder_diverse\/koncertbilleder\/petitemesse2_14-11-2021-768x1024.jpeg 768w, https:\/\/ringstedkoret.dk\/wp-content\/uploads\/billeder_diverse\/koncertbilleder\/petitemesse2_14-11-2021-225x300.jpeg 225w, https:\/\/ringstedkoret.dk\/wp-content\/uploads\/billeder_diverse\/koncertbilleder\/petitemesse2_14-11-2021-rotated.jpeg 1024w\" sizes=\"auto, (max-width: 768px) 100vw, 768px\" \/><\/figure>\n","protected":false},"excerpt":{"rendered":"<p>Ringstedkoret medvirkede i opf\u00f8relsen af G. Rossini: Petite Messe solennelle s\u00f8ndag den 14. november 2021. Koncerten blev dirigeret af Niels Borksand. Her er et par indtryk fra koncerten (fotos: Mikael Trasbo). Solisterne Julia Bielefeld, sopran, og Elisabeth Hanke, alt Alle fire solister &#8211; fra venstre: Julia Bielefeld, sopran, Elisabeth Hanke, alt, Stig Fog Andersen, tenor, [&hellip;]<\/p>\n","protected":false},"author":3,"featured_media":9507,"parent":0,"menu_order":0,"comment_status":"closed","ping_status":"closed","template":"","meta":{"footnotes":""},"class_list":["post-9503","page","type-page","status-publish","has-post-thumbnail","czr-hentry"],"featured_image_urls_v2":{"full":["https:\/\/ringstedkoret.dk\/wp-content\/uploads\/billeder_diverse\/koncertbilleder\/petitemesse3_14-11-2021.jpeg",1024,1365,false],"thumbnail":["https:\/\/ringstedkoret.dk\/wp-content\/uploads\/billeder_diverse\/koncertbilleder\/petitemesse3_14-11-2021-150x150.jpeg",150,150,true],"medium":["https:\/\/ringstedkoret.dk\/wp-content\/uploads\/billeder_diverse\/koncertbilleder\/petitemesse3_14-11-2021-225x300.jpeg",225,300,true],"medium_large":["https:\/\/ringstedkoret.dk\/wp-content\/uploads\/billeder_diverse\/koncertbilleder\/petitemesse3_14-11-2021-768x1024.jpeg",768,1024,true],"large":["https:\/\/ringstedkoret.dk\/wp-content\/uploads\/billeder_diverse\/koncertbilleder\/petitemesse3_14-11-2021-768x1024.jpeg",768,1024,true],"1536x1536":["https:\/\/ringstedkoret.dk\/wp-content\/uploads\/billeder_diverse\/koncertbilleder\/petitemesse3_14-11-2021.jpeg",1024,1365,false],"2048x2048":["https:\/\/ringstedkoret.dk\/wp-content\/uploads\/billeder_diverse\/koncertbilleder\/petitemesse3_14-11-2021.jpeg",1024,1365,false],"tc-grid-full":["https:\/\/ringstedkoret.dk\/wp-content\/uploads\/billeder_diverse\/koncertbilleder\/petitemesse3_14-11-2021-1024x444.jpeg",1024,444,true],"tc-grid":["https:\/\/ringstedkoret.dk\/wp-content\/uploads\/billeder_diverse\/koncertbilleder\/petitemesse3_14-11-2021-570x350.jpeg",570,350,true],"tc-thumb":["https:\/\/ringstedkoret.dk\/wp-content\/uploads\/billeder_diverse\/koncertbilleder\/petitemesse3_14-11-2021-270x250.jpeg",270,250,true],"slider-full":["https:\/\/ringstedkoret.dk\/wp-content\/uploads\/billeder_diverse\/koncertbilleder\/petitemesse3_14-11-2021-1024x500.jpeg",1024,500,true],"slider":["https:\/\/ringstedkoret.dk\/wp-content\/uploads\/billeder_diverse\/koncertbilleder\/petitemesse3_14-11-2021-1024x500.jpeg",1024,500,true],"tc-sq-thumb":["https:\/\/ringstedkoret.dk\/wp-content\/uploads\/billeder_diverse\/koncertbilleder\/petitemesse3_14-11-2021-510x510.jpeg",510,510,true],"tc-ws-thumb":["https:\/\/ringstedkoret.dk\/wp-content\/uploads\/billeder_diverse\/koncertbilleder\/petitemesse3_14-11-2021-1024x624.jpeg",1024,624,true],"tc-ws-small-thumb":["https:\/\/ringstedkoret.dk\/wp-content\/uploads\/billeder_diverse\/koncertbilleder\/petitemesse3_14-11-2021-528x297.jpeg",528,297,true],"tc-slider-small":["https:\/\/ringstedkoret.dk\/wp-content\/uploads\/billeder_diverse\/koncertbilleder\/petitemesse3_14-11-2021-517x235.jpeg",517,235,true]},"post_excerpt_stackable_v2":"<p>Ringstedkoret medvirkede i opf\u00f8relsen af G. Rossini: Petite Messe solennelle s\u00f8ndag den 14. november 2021. Koncerten blev dirigeret af Niels Borksand. Her er et par indtryk fra koncerten (fotos: Mikael Trasbo). Solisterne Julia Bielefeld, sopran, og Elisabeth Hanke, alt Alle fire solister &#8211; fra venstre: Julia Bielefeld, sopran, Elisabeth Hanke, alt, Stig Fog Andersen, tenor, Lars Fosser, bas. Det ca. 70 mand store koncertkor i aktion De smukke rammer for koncerten &#8211; et kig ind i Helligaandskirken<\/p>\n","category_list_v2":"","author_info_v2":{"name":"Rita","url":"https:\/\/ringstedkoret.dk\/index.php\/author\/rita\/"},"comments_num_v2":"0 comments","yoast_head":"<!-- This site is optimized with the Yoast SEO plugin v27.4 - https:\/\/yoast.com\/product\/yoast-seo-wordpress\/ -->\n<title>Koncert i Helligaandskirken s\u00f8ndag den 14. november 2021 - Ringstedkoret<\/title>\n<meta name=\"robots\" content=\"index, follow, max-snippet:-1, max-image-preview:large, max-video-preview:-1\" \/>\n<link rel=\"canonical\" href=\"http:\/\/ringstedkoret.dk\/index.php\/koncert-i-helligaandskirken-soendag-den-14-november-2021\/\" \/>\n<meta property=\"og:locale\" content=\"da_DK\" \/>\n<meta property=\"og:type\" content=\"article\" \/>\n<meta property=\"og:title\" content=\"Koncert i Helligaandskirken s\u00f8ndag den 14. november 2021 - Ringstedkoret\" \/>\n<meta property=\"og:description\" content=\"Ringstedkoret medvirkede i opf\u00f8relsen af G. Rossini: Petite Messe solennelle s\u00f8ndag den 14. november 2021. Koncerten blev dirigeret af Niels Borksand. Her er et par indtryk fra koncerten (fotos: Mikael Trasbo). Solisterne Julia Bielefeld, sopran, og Elisabeth Hanke, alt Alle fire solister &#8211; fra venstre: Julia Bielefeld, sopran, Elisabeth Hanke, alt, Stig Fog Andersen, tenor, [&hellip;]\" \/>\n<meta property=\"og:url\" content=\"http:\/\/ringstedkoret.dk\/index.php\/koncert-i-helligaandskirken-soendag-den-14-november-2021\/\" \/>\n<meta property=\"og:site_name\" content=\"Ringstedkoret\" \/>\n<meta property=\"article:modified_time\" content=\"2021-11-19T22:43:45+00:00\" \/>\n<meta property=\"og:image\" content=\"http:\/\/ringstedkoret.dk\/wp-content\/uploads\/billeder_diverse\/koncertbilleder\/petitemesse3_14-11-2021.jpeg\" \/>\n\t<meta property=\"og:image:width\" content=\"1024\" \/>\n\t<meta property=\"og:image:height\" content=\"1365\" \/>\n\t<meta property=\"og:image:type\" content=\"image\/jpeg\" \/>\n<meta name=\"twitter:card\" content=\"summary_large_image\" \/>\n<meta name=\"twitter:label1\" content=\"Estimeret l\u00e6setid\" \/>\n\t<meta name=\"twitter:data1\" content=\"2 minutter\" \/>\n<script type=\"application\/ld+json\" class=\"yoast-schema-graph\">{\"@context\":\"https:\\\/\\\/schema.org\",\"@graph\":[{\"@type\":\"WebPage\",\"@id\":\"http:\\\/\\\/ringstedkoret.dk\\\/index.php\\\/koncert-i-helligaandskirken-soendag-den-14-november-2021\\\/\",\"url\":\"http:\\\/\\\/ringstedkoret.dk\\\/index.php\\\/koncert-i-helligaandskirken-soendag-den-14-november-2021\\\/\",\"name\":\"Koncert i Helligaandskirken s\u00f8ndag den 14. november 2021 - Ringstedkoret\",\"isPartOf\":{\"@id\":\"https:\\\/\\\/ringstedkoret.dk\\\/#website\"},\"primaryImageOfPage\":{\"@id\":\"http:\\\/\\\/ringstedkoret.dk\\\/index.php\\\/koncert-i-helligaandskirken-soendag-den-14-november-2021\\\/#primaryimage\"},\"image\":{\"@id\":\"http:\\\/\\\/ringstedkoret.dk\\\/index.php\\\/koncert-i-helligaandskirken-soendag-den-14-november-2021\\\/#primaryimage\"},\"thumbnailUrl\":\"https:\\\/\\\/ringstedkoret.dk\\\/wp-content\\\/uploads\\\/billeder_diverse\\\/koncertbilleder\\\/petitemesse3_14-11-2021.jpeg\",\"datePublished\":\"2021-11-17T19:56:43+00:00\",\"dateModified\":\"2021-11-19T22:43:45+00:00\",\"breadcrumb\":{\"@id\":\"http:\\\/\\\/ringstedkoret.dk\\\/index.php\\\/koncert-i-helligaandskirken-soendag-den-14-november-2021\\\/#breadcrumb\"},\"inLanguage\":\"da-DK\",\"potentialAction\":[{\"@type\":\"ReadAction\",\"target\":[\"http:\\\/\\\/ringstedkoret.dk\\\/index.php\\\/koncert-i-helligaandskirken-soendag-den-14-november-2021\\\/\"]}]},{\"@type\":\"ImageObject\",\"inLanguage\":\"da-DK\",\"@id\":\"http:\\\/\\\/ringstedkoret.dk\\\/index.php\\\/koncert-i-helligaandskirken-soendag-den-14-november-2021\\\/#primaryimage\",\"url\":\"https:\\\/\\\/ringstedkoret.dk\\\/wp-content\\\/uploads\\\/billeder_diverse\\\/koncertbilleder\\\/petitemesse3_14-11-2021.jpeg\",\"contentUrl\":\"https:\\\/\\\/ringstedkoret.dk\\\/wp-content\\\/uploads\\\/billeder_diverse\\\/koncertbilleder\\\/petitemesse3_14-11-2021.jpeg\",\"width\":1024,\"height\":1365},{\"@type\":\"BreadcrumbList\",\"@id\":\"http:\\\/\\\/ringstedkoret.dk\\\/index.php\\\/koncert-i-helligaandskirken-soendag-den-14-november-2021\\\/#breadcrumb\",\"itemListElement\":[{\"@type\":\"ListItem\",\"position\":1,\"name\":\"Hjem\",\"item\":\"https:\\\/\\\/ringstedkoret.dk\\\/\"},{\"@type\":\"ListItem\",\"position\":2,\"name\":\"Koncert i Helligaandskirken s\u00f8ndag den 14. november 2021\"}]},{\"@type\":\"WebSite\",\"@id\":\"https:\\\/\\\/ringstedkoret.dk\\\/#website\",\"url\":\"https:\\\/\\\/ringstedkoret.dk\\\/\",\"name\":\"Ringstedkoret\",\"description\":\"\",\"publisher\":{\"@id\":\"https:\\\/\\\/ringstedkoret.dk\\\/#organization\"},\"potentialAction\":[{\"@type\":\"SearchAction\",\"target\":{\"@type\":\"EntryPoint\",\"urlTemplate\":\"https:\\\/\\\/ringstedkoret.dk\\\/?s={search_term_string}\"},\"query-input\":{\"@type\":\"PropertyValueSpecification\",\"valueRequired\":true,\"valueName\":\"search_term_string\"}}],\"inLanguage\":\"da-DK\"},{\"@type\":\"Organization\",\"@id\":\"https:\\\/\\\/ringstedkoret.dk\\\/#organization\",\"name\":\"Ringstedkoret\",\"url\":\"https:\\\/\\\/ringstedkoret.dk\\\/\",\"logo\":{\"@type\":\"ImageObject\",\"inLanguage\":\"da-DK\",\"@id\":\"https:\\\/\\\/ringstedkoret.dk\\\/#\\\/schema\\\/logo\\\/image\\\/\",\"url\":\"https:\\\/\\\/ringstedkoret.dk\\\/wp-content\\\/uploads\\\/ikoner\\\/Logo-nyt.jpg\",\"contentUrl\":\"https:\\\/\\\/ringstedkoret.dk\\\/wp-content\\\/uploads\\\/ikoner\\\/Logo-nyt.jpg\",\"width\":203,\"height\":200,\"caption\":\"Ringstedkoret\"},\"image\":{\"@id\":\"https:\\\/\\\/ringstedkoret.dk\\\/#\\\/schema\\\/logo\\\/image\\\/\"}}]}<\/script>\n<!-- \/ Yoast SEO plugin. -->","yoast_head_json":{"title":"Koncert i Helligaandskirken s\u00f8ndag den 14. november 2021 - Ringstedkoret","robots":{"index":"index","follow":"follow","max-snippet":"max-snippet:-1","max-image-preview":"max-image-preview:large","max-video-preview":"max-video-preview:-1"},"canonical":"http:\/\/ringstedkoret.dk\/index.php\/koncert-i-helligaandskirken-soendag-den-14-november-2021\/","og_locale":"da_DK","og_type":"article","og_title":"Koncert i Helligaandskirken s\u00f8ndag den 14. november 2021 - Ringstedkoret","og_description":"Ringstedkoret medvirkede i opf\u00f8relsen af G. Rossini: Petite Messe solennelle s\u00f8ndag den 14. november 2021. Koncerten blev dirigeret af Niels Borksand. Her er et par indtryk fra koncerten (fotos: Mikael Trasbo). Solisterne Julia Bielefeld, sopran, og Elisabeth Hanke, alt Alle fire solister &#8211; fra venstre: Julia Bielefeld, sopran, Elisabeth Hanke, alt, Stig Fog Andersen, tenor, [&hellip;]","og_url":"http:\/\/ringstedkoret.dk\/index.php\/koncert-i-helligaandskirken-soendag-den-14-november-2021\/","og_site_name":"Ringstedkoret","article_modified_time":"2021-11-19T22:43:45+00:00","og_image":[{"width":1024,"height":1365,"url":"http:\/\/ringstedkoret.dk\/wp-content\/uploads\/billeder_diverse\/koncertbilleder\/petitemesse3_14-11-2021.jpeg","type":"image\/jpeg"}],"twitter_card":"summary_large_image","twitter_misc":{"Estimeret l\u00e6setid":"2 minutter"},"schema":{"@context":"https:\/\/schema.org","@graph":[{"@type":"WebPage","@id":"http:\/\/ringstedkoret.dk\/index.php\/koncert-i-helligaandskirken-soendag-den-14-november-2021\/","url":"http:\/\/ringstedkoret.dk\/index.php\/koncert-i-helligaandskirken-soendag-den-14-november-2021\/","name":"Koncert i Helligaandskirken s\u00f8ndag den 14. november 2021 - Ringstedkoret","isPartOf":{"@id":"https:\/\/ringstedkoret.dk\/#website"},"primaryImageOfPage":{"@id":"http:\/\/ringstedkoret.dk\/index.php\/koncert-i-helligaandskirken-soendag-den-14-november-2021\/#primaryimage"},"image":{"@id":"http:\/\/ringstedkoret.dk\/index.php\/koncert-i-helligaandskirken-soendag-den-14-november-2021\/#primaryimage"},"thumbnailUrl":"https:\/\/ringstedkoret.dk\/wp-content\/uploads\/billeder_diverse\/koncertbilleder\/petitemesse3_14-11-2021.jpeg","datePublished":"2021-11-17T19:56:43+00:00","dateModified":"2021-11-19T22:43:45+00:00","breadcrumb":{"@id":"http:\/\/ringstedkoret.dk\/index.php\/koncert-i-helligaandskirken-soendag-den-14-november-2021\/#breadcrumb"},"inLanguage":"da-DK","potentialAction":[{"@type":"ReadAction","target":["http:\/\/ringstedkoret.dk\/index.php\/koncert-i-helligaandskirken-soendag-den-14-november-2021\/"]}]},{"@type":"ImageObject","inLanguage":"da-DK","@id":"http:\/\/ringstedkoret.dk\/index.php\/koncert-i-helligaandskirken-soendag-den-14-november-2021\/#primaryimage","url":"https:\/\/ringstedkoret.dk\/wp-content\/uploads\/billeder_diverse\/koncertbilleder\/petitemesse3_14-11-2021.jpeg","contentUrl":"https:\/\/ringstedkoret.dk\/wp-content\/uploads\/billeder_diverse\/koncertbilleder\/petitemesse3_14-11-2021.jpeg","width":1024,"height":1365},{"@type":"BreadcrumbList","@id":"http:\/\/ringstedkoret.dk\/index.php\/koncert-i-helligaandskirken-soendag-den-14-november-2021\/#breadcrumb","itemListElement":[{"@type":"ListItem","position":1,"name":"Hjem","item":"https:\/\/ringstedkoret.dk\/"},{"@type":"ListItem","position":2,"name":"Koncert i Helligaandskirken s\u00f8ndag den 14. november 2021"}]},{"@type":"WebSite","@id":"https:\/\/ringstedkoret.dk\/#website","url":"https:\/\/ringstedkoret.dk\/","name":"Ringstedkoret","description":"","publisher":{"@id":"https:\/\/ringstedkoret.dk\/#organization"},"potentialAction":[{"@type":"SearchAction","target":{"@type":"EntryPoint","urlTemplate":"https:\/\/ringstedkoret.dk\/?s={search_term_string}"},"query-input":{"@type":"PropertyValueSpecification","valueRequired":true,"valueName":"search_term_string"}}],"inLanguage":"da-DK"},{"@type":"Organization","@id":"https:\/\/ringstedkoret.dk\/#organization","name":"Ringstedkoret","url":"https:\/\/ringstedkoret.dk\/","logo":{"@type":"ImageObject","inLanguage":"da-DK","@id":"https:\/\/ringstedkoret.dk\/#\/schema\/logo\/image\/","url":"https:\/\/ringstedkoret.dk\/wp-content\/uploads\/ikoner\/Logo-nyt.jpg","contentUrl":"https:\/\/ringstedkoret.dk\/wp-content\/uploads\/ikoner\/Logo-nyt.jpg","width":203,"height":200,"caption":"Ringstedkoret"},"image":{"@id":"https:\/\/ringstedkoret.dk\/#\/schema\/logo\/image\/"}}]}},"_links":{"self":[{"href":"https:\/\/ringstedkoret.dk\/index.php\/wp-json\/wp\/v2\/pages\/9503","targetHints":{"allow":["GET"]}}],"collection":[{"href":"https:\/\/ringstedkoret.dk\/index.php\/wp-json\/wp\/v2\/pages"}],"about":[{"href":"https:\/\/ringstedkoret.dk\/index.php\/wp-json\/wp\/v2\/types\/page"}],"author":[{"embeddable":true,"href":"https:\/\/ringstedkoret.dk\/index.php\/wp-json\/wp\/v2\/users\/3"}],"replies":[{"embeddable":true,"href":"https:\/\/ringstedkoret.dk\/index.php\/wp-json\/wp\/v2\/comments?post=9503"}],"version-history":[{"count":14,"href":"https:\/\/ringstedkoret.dk\/index.php\/wp-json\/wp\/v2\/pages\/9503\/revisions"}],"predecessor-version":[{"id":9539,"href":"https:\/\/ringstedkoret.dk\/index.php\/wp-json\/wp\/v2\/pages\/9503\/revisions\/9539"}],"wp:featuredmedia":[{"embeddable":true,"href":"https:\/\/ringstedkoret.dk\/index.php\/wp-json\/wp\/v2\/media\/9507"}],"wp:attachment":[{"href":"https:\/\/ringstedkoret.dk\/index.php\/wp-json\/wp\/v2\/media?parent=9503"}],"curies":[{"name":"wp","href":"https:\/\/api.w.org\/{rel}","templated":true}]}}